{"id":10,"date":"2009-03-30T11:52:52","date_gmt":"2009-03-30T09:52:52","guid":{"rendered":"http:\/\/www.derkapi.de\/?page_id=10"},"modified":"2015-11-01T16:42:14","modified_gmt":"2015-11-01T14:42:14","slug":"teil4","status":"publish","type":"page","link":"https:\/\/www.derkapi.de\/?page_id=10","title":{"rendered":"IA &#8211; Teil4"},"content":{"rendered":"<table border=\"0\" cellspacing=\"0\" cellpadding=\"2\" width=\"591\">\n<tbody>\n<tr>\n<td width=\"335\" valign=\"top\"><a href=\"http:\/\/derkapi.de\/pics\/Teil4_B43A\/t38.jpg\"><img loading=\"lazy\" decoding=\"async\" style=\"margin: 0px 10px 0px 0px; border: 0pt none;\" src=\"http:\/\/derkapi.de\/pics\/Teil4_B43A\/t38_thumb.jpg\" border=\"0\" alt=\"t38\" width=\"304\" height=\"244\" \/><\/a><a href=\"http:\/\/derkapi.de\/pics\/Teil4_B43A\/t42.jpg\"><img loading=\"lazy\" decoding=\"async\" style=\"border: 0pt none;\" src=\"http:\/\/derkapi.de\/pics\/Teil4_B43A\/t42_thumb.jpg\" border=\"0\" alt=\"t42\" width=\"304\" height=\"235\" \/><\/a><\/td>\n<td width=\"254\" valign=\"top\">Wenn man nicht vor hat, das Cockpit abnehmbar zu machen, sollte man sich den Aufwand sparen und alles detailreich im Inneren bemalen. Wie man in <a href=\"https:\/\/www.derkapi.de\/wh40k\/titanen\/gfx\/t39.jpg\" target=\"_blank\">Bild1<\/a>, <a href=\"https:\/\/www.derkapi.de\/wh40k\/titanen\/gfx\/t40.jpg\" target=\"_blank\">Bild2<\/a>, <a href=\"https:\/\/www.derkapi.de\/wh40k\/titanen\/gfx\/t41.jpg\" target=\"_blank\">Bild3<\/a> sehen kann, ist nicht wirklich viel davon sichtbar. So kann man z. B. die <em>Moderatai<\/em> komplett weglassen, da nur der <em>Princeps<\/em>, wenn auch teilweise, zu sehen ist.<br \/>\nM\u00f6chte man es dennoch, sollte man erst einmal den Innenraum, die <em>Wall Panels<\/em> und die Crew bemalen, bevor man diese einklebt.<\/p>\n<p><a href=\"http:\/\/derkapi.de\/pics\/Teil4_B43A\/t43.jpg\"><img loading=\"lazy\" decoding=\"async\" style=\"border: 0pt none;\" src=\"http:\/\/derkapi.de\/pics\/Teil4_B43A\/t43_thumb.jpg\" border=\"0\" alt=\"t43\" width=\"254\" height=\"208\" \/><\/a><\/td>\n<\/tr>\n<tr>\n<td width=\"336\" valign=\"top\"><a href=\"http:\/\/derkapi.de\/pics\/Teil4_B43A\/t45.jpg\"><img loading=\"lazy\" decoding=\"async\" style=\"border: 0pt none;\" src=\"http:\/\/derkapi.de\/pics\/Teil4_B43A\/t45_thumb.jpg\" border=\"0\" alt=\"t45\" width=\"304\" height=\"222\" \/><\/a><a href=\"http:\/\/derkapi.de\/pics\/Teil4_B43A\/t42.jpg\"><\/a><\/td>\n<td width=\"254\" valign=\"top\">Beim weiteren Zusammenbau stellte ich fest, dass die Abdeckung (<em>Body Roof<\/em>) nicht zwischen die <em>Carapace<\/em> passten.<\/p>\n<p>Um die Abdeckung dennoch dawischen zu bekommen schnitte ich mit dem Skalpell solange kleine Streifen von ihr ab, bis es passte. Hier entschied sich nun auch die Frage, ob die Abdeckung abnehmbar sein w\u00fcrde &#8211; Nein w\u00fcrde sie nicht mehr. \ud83d\ude41<br \/>\nDie L\u00fccken glich ich mit Green Stuff aus.<\/td>\n<\/tr>\n<tr>\n<td width=\"336\" valign=\"top\"><a href=\"http:\/\/derkapi.de\/pics\/Teil4_B43A\/t44.jpg\"><img loading=\"lazy\" decoding=\"async\" style=\"border: 0pt none;\" src=\"http:\/\/derkapi.de\/pics\/Teil4_B43A\/t44_thumb.jpg\" border=\"0\" alt=\"t44\" width=\"304\" height=\"151\" \/><\/a><\/p>\n<p><a href=\"http:\/\/derkapi.de\/pics\/Teil4_B43A\/t46.jpg\"><img loading=\"lazy\" decoding=\"async\" style=\"border: 0pt none;\" src=\"http:\/\/derkapi.de\/pics\/Teil4_B43A\/t46_thumb.jpg\" border=\"0\" alt=\"t46\" width=\"304\" height=\"229\" \/><\/a><br \/>\n<a href=\"https:\/\/www.derkapi.de\/wh40k\/titanen\/gfx\/t27.jpg\" target=\"_blank\">Bild4<\/a> <a href=\"https:\/\/www.derkapi.de\/wh40k\/titanen\/gfx\/t28.jpg\" target=\"_blank\">Bild5<\/a><br \/>\n<strong><br \/>\nTipp:<\/strong> Damit die Farbe beim Tuschen nicht fleckig wird, sollte man etwas Sp\u00fclmittel in das Wasser mischen, dieses entspannt das Wasser\/die Farbe, so das sie sich beim Trocken nicht zusammenzieht.<\/td>\n<td width=\"254\" valign=\"top\">Nachdem der Torso getrocknet ist, kann man sich daran machen, mit der Feinbemalung zu beginnen.<br \/>\nDazu nahm ich verd\u00fcnntes Chaos Black und tuschte alle Teile mehrfach ein, so dass das Modell schon schmuddelig wirkte. <a href=\"http:\/\/derkapi.de\/pics\/Teil4_B43A\/t48.jpg\"><img loading=\"lazy\" decoding=\"async\" style=\"border: 0pt none;\" src=\"http:\/\/derkapi.de\/pics\/Teil4_B43A\/t48_thumb.jpg\" border=\"0\" alt=\"t48\" width=\"244\" height=\"326\" \/><\/a><\/td>\n<\/tr>\n<tr>\n<td width=\"336\" valign=\"top\"><a href=\"http:\/\/derkapi.de\/pics\/Teil4_B43A\/t34_klein.jpg\"><img loading=\"lazy\" decoding=\"async\" style=\"border: 0pt none;\" src=\"http:\/\/derkapi.de\/pics\/Teil4_B43A\/t34_klein_thumb.jpg\" border=\"0\" alt=\"t34_klein\" width=\"304\" height=\"175\" \/> <\/a><\/p>\n<p><a href=\"http:\/\/derkapi.de\/pics\/Teil4_B43A\/t34_klein.jpg\"> <\/a><a href=\"http:\/\/derkapi.de\/pics\/Teil4_B43A\/t33_klein.jpg\"><\/a><a href=\"http:\/\/derkapi.de\/pics\/Teil4_B43A\/t35_klein.jpg\"><img loading=\"lazy\" decoding=\"async\" style=\"border: 0pt none;\" src=\"http:\/\/derkapi.de\/pics\/Teil4_B43A\/t35_klein_thumb.jpg\" border=\"0\" alt=\"t35_klein\" width=\"304\" height=\"230\" \/><\/a><\/p>\n<p><img loading=\"lazy\" decoding=\"async\" style=\"margin: 0px 10px 0px 0px; border: 0pt none;\" src=\"http:\/\/derkapi.de\/pics\/Teil4_B43A\/t33_klein_thumb.jpg\" border=\"0\" alt=\"t33_klein\" width=\"304\" height=\"162\" \/><\/td>\n<td width=\"254\" valign=\"top\">Nachdem die Teile v\u00f6llig getrocknet waren, b\u00fcrstete ich sie erst mit einer Mischung aus Catachan Green und Chaos Black und anschlie\u00dfend nur mit Catachan Green trocken. Dabei sollte durchaus noch schwarze Fl\u00e4chen \u00fcbrig bleiben um dem Titan ein leicht \u00f6liges, verwittertes Aussehen zu geben <a href=\"https:\/\/www.derkapi.de\/wh40k\/titanen\/gfx\/t33_gross.jpg\" target=\"_blank\">Bild6<\/a> <a href=\"https:\/\/www.derkapi.de\/wh40k\/titanen\/gfx\/t34_gross.jpg\" target=\"_blank\">Bild7<\/a> <a href=\"https:\/\/www.derkapi.de\/wh40k\/titanen\/gfx\/t35_gross.jpg\" target=\"_blank\">Bild8<\/a>.<\/p>\n<p>Alle Kanten und Panzerplattenkanten bemalte ich mit einer Mischung aus Catachan Green und White, wobei ich an den spitzen Ecken (z.B. die Ecken der <em>Carapace)<\/em> noch etwas mehr White einmischte.<br \/>\nAm einfachsten lassen sich solche Kante mit der flachen Seite des Pinsels, also nicht der Spitze, bemalen. So garantiert man, dass man nicht versehendlich abrutscht und mehr bemalt als man m\u00f6chte.<br \/>\nIst es dann aber doch passiert, kann man dieses entweder mit viel Wasser wegwaschen oder sp\u00e4ter \u00fcbermalen.<\/p>\n<p>Anschlie\u00dfen f\u00e4rbte ich alle Nieten mit Chainmail (und das waren nicht wenige!)<\/p>\n<p><strong>Info:<\/strong><br \/>\nAuf den Bildern sind die Waffen zwar schon angeklebt, dieses geschah allerdings erst in einem sp\u00e4teren Arbeitsgang (Teil5).<\/td>\n<\/tr>\n<tr>\n<td width=\"336\" valign=\"top\"><strong><a href=\"http:\/\/derkapi.de\/pics\/Teil4_B43A\/t30.jpg\"><img loading=\"lazy\" decoding=\"async\" style=\"border: 0pt none;\" src=\"http:\/\/derkapi.de\/pics\/Teil4_B43A\/t30_thumb.jpg\" border=\"0\" alt=\"t30\" width=\"304\" height=\"196\" \/><\/a><\/strong><\/td>\n<td width=\"254\" valign=\"top\">Nun kann man auch nach und nach f\u00fcr Details sorgen. Viele Dinge fielen mir erst beim Bemalen ein, so dass ich auch im sp\u00e4teren Verlauf immer noch neue Kleinigkeiten hinzuf\u00fcgte oder Stellen ausbesserte.<\/td>\n<\/tr>\n<\/tbody>\n<\/table>\n<p><strong>Ende Teil4<\/strong><\/p>\n<p><strong><\/strong><\/p>\n<p><strong><\/strong><\/p>\n<h2>Weitere Teile:<\/h2>\n<ul>\n<li><a href=\"https:\/\/www.derkapi.de\/?page_id=61\">Vorwort<\/a><\/li>\n<li><a href=\"https:\/\/www.derkapi.de\/?page_id=6\">Teil1<\/a><\/li>\n<li><a href=\"https:\/\/www.derkapi.de\/?page_id=9\">Teil2<\/a><\/li>\n<li><a href=\"https:\/\/www.derkapi.de\/?page_id=8\">Teil3<\/a><\/li>\n<li>Teil4<\/li>\n<li><a href=\"https:\/\/www.derkapi.de\/?page_id=11\">Teil5<\/a><\/li>\n<li><a href=\"https:\/\/www.derkapi.de\/?page_id=12\">Teil6<\/a><\/li>\n<\/ul>\n","protected":false},"excerpt":{"rendered":"<p>Wenn man nicht vor hat, das Cockpit abnehmbar zu machen, sollte man sich den Aufwand sparen und alles detailreich im Inneren bemalen. Wie man in Bild1, Bild2, Bild3 sehen kann, ist nicht wirklich viel davon sichtbar. So kann man z. B. die Moderatai komplett weglassen, da nur der Princeps, wenn \u2026 <a class=\"continue-reading-link\" href=\"https:\/\/www.derkapi.de\/?page_id=10\">Mehr nach dem Klick <span class=\"meta-nav\">&rarr; <\/span><\/a><\/p>\n","protected":false},"author":2,"featured_media":0,"parent":6,"menu_order":4,"comment_status":"open","ping_status":"closed","template":"","meta":{"footnotes":""},"class_list":["post-10","page","type-page","status-publish","hentry"],"_links":{"self":[{"href":"https:\/\/www.derkapi.de\/index.php?rest_route=\/wp\/v2\/pages\/10","targetHints":{"allow":["GET"]}}],"collection":[{"href":"https:\/\/www.derkapi.de\/index.php?rest_route=\/wp\/v2\/pages"}],"about":[{"href":"https:\/\/www.derkapi.de\/index.php?rest_route=\/wp\/v2\/types\/page"}],"author":[{"embeddable":true,"href":"https:\/\/www.derkapi.de\/index.php?rest_route=\/wp\/v2\/users\/2"}],"replies":[{"embeddable":true,"href":"https:\/\/www.derkapi.de\/index.php?rest_route=%2Fwp%2Fv2%2Fcomments&post=10"}],"version-history":[{"count":10,"href":"https:\/\/www.derkapi.de\/index.php?rest_route=\/wp\/v2\/pages\/10\/revisions"}],"predecessor-version":[{"id":1901,"href":"https:\/\/www.derkapi.de\/index.php?rest_route=\/wp\/v2\/pages\/10\/revisions\/1901"}],"up":[{"embeddable":true,"href":"https:\/\/www.derkapi.de\/index.php?rest_route=\/wp\/v2\/pages\/6"}],"wp:attachment":[{"href":"https:\/\/www.derkapi.de\/index.php?rest_route=%2Fwp%2Fv2%2Fmedia&parent=10"}],"curies":[{"name":"wp","href":"https:\/\/api.w.org\/{rel}","templated":true}]}}