{"id":1737,"date":"2015-07-20T12:54:17","date_gmt":"2015-07-20T10:54:17","guid":{"rendered":"http:\/\/www.derkapi.de\/?page_id=1737"},"modified":"2015-11-01T16:46:55","modified_gmt":"2015-11-01T14:46:55","slug":"ia-warlrod-titan","status":"publish","type":"page","link":"https:\/\/www.derkapi.de\/?page_id=1737","title":{"rendered":"IA Warlord Titan"},"content":{"rendered":"<p><strong>13. 07. 2015<\/p>\n<p>Mars Pattern Warlord Titan<br \/>\n<\/strong><\/p>\n<p>Vorwort:<\/p>\n<p>Es ging nicht anders, auch wenn mich das Modell vor Platzprobleme stellt. Durch Airbrush geht das <em>bemalen<\/em> der Silber und Gr\u00fcnteile ja schneller, doch die vielen Stellen mit Gold und die schiere Gr\u00f6\u00dfe werden es dann doch in die L\u00e4nge ziehen. Warten wir es mal an.<\/p>\n<h2>Weitere Teile:<\/h2>\n<ul>\n<li><a href=\"https:\/\/www.derkapi.de\/?p=1720\">Teil 1<\/a><\/li>\n<li><a href=\"https:\/\/www.derkapi.de\/?p=1730\">Teil 2<\/a><\/li>\n<li><a href=\"https:\/\/www.derkapi.de\/?p=1741\">Teil 3<\/a><\/li>\n<li><a href=\"https:\/\/www.derkapi.de\/?p=1747\">Teil 4<\/a><\/li>\n<li><a href=\"https:\/\/www.derkapi.de\/?p=1776\">Teil 5<\/a><\/li>\n<li><a href=\"https:\/\/www.derkapi.de\/?p=1786\">Teil 6<\/a><\/li>\n<li><a href=\"https:\/\/www.derkapi.de\/?p=1882\">Teil 7<\/a><\/li>\n<\/ul>\n","protected":false},"excerpt":{"rendered":"<p>13. 07. 2015 Mars Pattern Warlord Titan Vorwort: Es ging nicht anders, auch wenn mich das Modell vor Platzprobleme stellt. Durch Airbrush geht das bemalen der Silber und Gr\u00fcnteile ja schneller, doch die vielen Stellen mit Gold und die schiere Gr\u00f6\u00dfe werden es dann doch in die L\u00e4nge ziehen. Warten \u2026 <a class=\"continue-reading-link\" href=\"https:\/\/www.derkapi.de\/?page_id=1737\">Mehr nach dem Klick <span class=\"meta-nav\">&rarr; <\/span><\/a><\/p>\n","protected":false},"author":2,"featured_media":0,"parent":63,"menu_order":1,"comment_status":"open","ping_status":"closed","template":"","meta":{"footnotes":""},"class_list":["post-1737","page","type-page","status-publish","hentry"],"_links":{"self":[{"href":"https:\/\/www.derkapi.de\/index.php?rest_route=\/wp\/v2\/pages\/1737","targetHints":{"allow":["GET"]}}],"collection":[{"href":"https:\/\/www.derkapi.de\/index.php?rest_route=\/wp\/v2\/pages"}],"about":[{"href":"https:\/\/www.derkapi.de\/index.php?rest_route=\/wp\/v2\/types\/page"}],"author":[{"embeddable":true,"href":"https:\/\/www.derkapi.de\/index.php?rest_route=\/wp\/v2\/users\/2"}],"replies":[{"embeddable":true,"href":"https:\/\/www.derkapi.de\/index.php?rest_route=%2Fwp%2Fv2%2Fcomments&post=1737"}],"version-history":[{"count":5,"href":"https:\/\/www.derkapi.de\/index.php?rest_route=\/wp\/v2\/pages\/1737\/revisions"}],"predecessor-version":[{"id":1908,"href":"https:\/\/www.derkapi.de\/index.php?rest_route=\/wp\/v2\/pages\/1737\/revisions\/1908"}],"up":[{"embeddable":true,"href":"https:\/\/www.derkapi.de\/index.php?rest_route=\/wp\/v2\/pages\/63"}],"wp:attachment":[{"href":"https:\/\/www.derkapi.de\/index.php?rest_route=%2Fwp%2Fv2%2Fmedia&parent=1737"}],"curies":[{"name":"wp","href":"https:\/\/api.w.org\/{rel}","templated":true}]}}