{"id":176,"date":"2009-04-12T18:56:41","date_gmt":"2009-04-12T16:56:41","guid":{"rendered":"http:\/\/www.derkapi.de\/?page_id=176"},"modified":"2009-04-12T18:56:41","modified_gmt":"2009-04-12T16:56:41","slug":"tau-ein-normaler-tag","status":"publish","type":"page","link":"https:\/\/www.derkapi.de\/?page_id=176","title":{"rendered":"TAU: Ein normaler Tag"},"content":{"rendered":"<p>&nbsp;<\/p>\n<table cellspacing=\"0\" cellpadding=\"2\" width=\"450\" border=\"0\">\n<tbody>\n<tr>\n<td valign=\"top\" width=\"448\">\n<p align=\"justify\">Shas\u2019ui Sa\u2019cea Dal\u2019n Vas rannte im Zickzack auf die n\u00e4chste Deckung zu, einem Felsen etwa 30 Meter entfernt, w\u00e4hrend die zweite Halbgruppe seines Teams Feuerunterst\u00fctzung gab. Hatte sein Trupp die letzten 5 Kilometer ohne gro\u00dfe Anstrengung nehmen k\u00f6nnen, so leisteten die Gue\u2019la, oder Menschen wie sie sich in ihrer eigenen Sprache nannten, nun erbitterten Widerstand. <\/p>\n<p>M\u2019or\u2019zek war 50 Meter hinter ihnen von einer M\u00f6rsergranate get\u00f6tet worden und G\u2019olan hatte einen Lasertreffer am Bein abbekommen. <\/p>\n<p>Den Himmlischen sei Dank zeigte Dal\u2019n Vas taktisches Display an, dass seine Lebenszeichen stabil waren. Dicht vor ihm fauchte ein Laserstrahl in den Sand und kristallisierte diesen. <\/p>\n<p>Die Gue&#8217;la in dem Bunker waren, wie es schien, sehr gut ausgebildet. Der Shas\u2019ui schlug noch mehr Haken und versuchte durch unregelm\u00e4\u00dfigere Richtungswechsel den Gegner zu verwirren doch vergebens. <\/p>\n<p>Ein Schuss traf seinen Kopf. Durch den Helm konnte er die Hitze des Energiestrahls auf seiner Haut sp\u00fcren, Funken stoben im Inneren. Das Display fiel aus und mit ihm auch die Sicht. Durch einen verzweifelten Sprung in die Deckung, welche er kurz vor dem Ausfall seines Display auf seiner rechten Seite bemerkt hatte, brachte er sich in Sicherheit. <\/p>\n<p>Dal\u2019n Vas schlug hart auf, spitze Steine bohrten sich durch seine Panzerjacke, sein Kopf schlug gegen das Gestein. Hastig zog er die Beine an, um dem Feind kein Ziel zu bieten. Nun ohne Sicht, versuchte der Shas\u2019ui den Anflug von Panik niederzuk\u00e4mpfen. Nur Ruhe, du bist ein Feuerkrieger und hast solche Szenarios hundert mal ge\u00fcbt. <br \/>Mit einem Flackern erwachte sein Helmdisplay zu neuem Leben und spuckte Unmengen von Statusmeldungen aus. Dal\u2019n Vas ignorierte die Mitteilung dar\u00fcber, dass die Hauptenergiequelle ausgefallen und die Hilfsenergie eingesprungen war, sondern rief die taktischen Daten auf. Keiner seiner M\u00e4nner hatte etwas abbekommen, allerdings war sein Drohnencontroller offline. Der Shas\u2019ui hoffte, dass die kleinen Helfer irgendwo in Deckung gegangen waren und nicht hilflos in der Luft hingen und damit den Feind einluden, auf sie zu schie\u00dfen. <\/p>\n<p>Schnell wies er seinen Helmcomputer an, ein Reparaturprogramm zu starten um den Controller wieder online zu bekommen. Eine weitere Statusmeldung verriet ihm, dass die zweite Halbgruppe f\u00fcr den Spurt zur n\u00e4chsten vorgezogenen Stellung bereit war. Nun lag es bei Gruppe Eins, Feuerunterst\u00fctzung zu geben. <\/p>\n<p>Der Shas\u2019ui atmete tief durch und gab dann mehrere Feuerst\u00f6\u00dfe aus seinem Pulsgewehr \u00fcber die Deckung ab, tauchte unter, bevor das Gegenfeuer ein Ziel fand, um an einer anderen Ecke des Felsen wieder hoch zu kommen und erneut zu schie\u00dfen. Dieses Mal schlugen die ersten Laserimpulse schon sehr schnell neben ihm ein. Er warf sich hastig in Deckung. <\/p>\n<p>\u201eLeader K3 an Team. Vormarsch abbrechen! Wiederhole, Vormarsch abbrechen!\u201c Das hatte keinen Sinn, das Gegenfeuer war einfach zu stark und der Gegner zu gut befestigt. W\u00e4ren die Drohnen einsatzbereit, h\u00e4tte er den Gegner mit einem Frontalangriff niederhalten k\u00f6nnen, aber so war das glatter Selbstmord und widersprach allem, was sie auf der Akademie gelernt hatten. <\/p>\n<p>Dal\u2019n Vas \u00f6ffnete eine Com-Kanal \u201eHQ hier K3, sind auf starkbefestigten Feind gesto\u00dfen. Ben\u00f6tigen dringen Feuerunterst\u00fctzung und Sanit\u00e4ter.\u201c <\/p>\n<p>\u201eK3 hier Delta 8, haben euren Spruch aufgenommen. HQ hat uns euch zugeteilt. Wir wurden leider unterwegs aufgehalten und treffen in 0,02 Decs bei euch ein.\u201c <\/p>\n<p>\u201eHier HQ, haben mitgeh\u00f6rt. San-Einheit ist auf dem Weg. Ende!\u201c <\/p>\n<p>Direkt vor seiner Deckung und auch ca. 20 Meter hinter Dal\u2019n Vas wurde die Erde von einer M\u00f6rsergranate zerrissen. Dreck und Stein fielen auf ihn herab. Das war knapp, zu knapp! Die n\u00e4chsten Granaten w\u00fcrde bestimmt sitzen. <\/p>\n<p>Mit den Worten \u201eStellungswechsel! Stellungswechsel!\u201c sprang der Shas\u2019ui auf und rannte zur n\u00e4chsten Deckung. Ein Busch neben ihm verwandelte sich fauchend in eine Fackel, als er von einem Laserimpuls getroffen wurde. Dal\u2019n Vas nahm all seine Kraftreserven zusammen und spurtete noch schneller auf den Felsen zu. Dicht hinter ihm staubte ein mannsgro\u00dfer Gesteinsbrocken auseinander als die Geschosse eines schweren Bolters diesen durchschlugen. <\/p>\n<p>Mit einem gewaltigen Satz sprang der Feuerkrieger in Deckung und wurde von etwas Gro\u00dfem mit voller Wucht in den R\u00fccken getroffen. Sein Helm schlug gegen den Stein, sein Kopf knallte gegen die Innenwand des Helms, das Display flackerte heftig. Und Dal\u2019n Vas verlor f\u00fcr kurze Zeit das Bewusstsein. <\/p>\n<p>Als er wieder zu sich kam f\u00fchlte er zum Einen das warmes Blut seine Wange hinunterlief und zum Andern lag noch immer irgend etwas Schweres auf ihm. M\u00fchsam w\u00e4lzte er die Last von sich und stockte. Es war K\u2019enda! Ein Laserstrahl war dicht unterhalb des Brustpanzers eingedrungen und hatte seine Eingeweide ausgebrannt. <\/p>\n<p>Hastig rief er das taktische Display auf. Zwei weitere Feuerkrieger waren getroffen, aber am Leben. Der Shas\u2019ui sah sich um. <br \/>15 Meter hinter ihm versuchte F\u2019ior den verletzten Mar\u2019ka in Sicherheit zu ziehen, w\u00e4hrend rings um ihn Laserimpulse einschlugen. Hastig fingerte Dal\u2019n Vas an der R\u00fcckseite seinen G\u00fcrtels und zog die letzte seiner Rauchgranaten, um F\u2019ior einzunebeln. <\/p>\n<p>\u201eLeader K3 hier K3-5. 7 ist in Sicherheit\u201c, meldete F\u2019ior kurz darauf. <\/p>\n<p>\u201e5 verstanden und gut gemacht. Haltet die K\u00f6pfe unten K3!\u201c. <\/p>\n<p>\u201eHier Delta 8, Ziel ist ausgemacht! Alles in Deckung?\u201c <\/p>\n<p>\u201ePositiv, Delta 8! Sch\u00f6n, dass ihr da seid!\u201c <\/p>\n<p>Kaum hatte der Shas\u2019ui den Spruch abgesetzt, als er auch schon das charakteristische Rauschen des \u00dcberschallgeschosses vernahm. Gefolgt von noch einem und noch einem. Mit einem lauten Knall schlug das erste Projektil des Massebeschleunigers in den Bunker und brachte Teile zum Einsturz. <\/p>\n<p>Das zweite Geschoss traf Munition oder Treibstoff. Und zerriss den Stahlbeton in einer gewaltigen Explosion, die die Reste des Bunkers zerst\u00f6rte. Eine Flammens\u00e4ule schoss in den Himmel und l\u00f6schte alles noch verbleibende Leben im Bunker aus. <\/p>\n<p>Die armen Gue&#8217;la, soviel Verluste sie uns auch beigebracht hatten, dieses Schicksal hatten sie nicht verdient, dachte Shas\u2019ui Dal\u2019n Vas. &gt;Drohnencontroller online&lt;, meldete das Helmdisplay. <\/p>\n<p>Mit einem unverst\u00e4ndlichen Grummeln drehte Dal\u2019n Vas den Kopf. Direkt hinter ihm schwebten die beiden Drohnen. <\/p>\n<p>\u201eSucht bitte das Gel\u00e4nde nach anderen Gue&#8217;la ab und zwingt sie zur Aufgabe.\u201c Mit einem best\u00e4tigenden Piepsen zogen die kleinen Helfer ab. <\/p>\n<p>Heulende Triebwerken k\u00fcndeten von der Landung eines Truppentransporter, die Sanis waren da. <br \/>&nbsp; <br \/>\u201eLeader K3, hier Delta 8, wurden gerade abberufen.\u201c \u201eOk Delta 8 und Danke!\u201c <\/p>\n<p>Der Shas\u2019ui schulterte sein Pulsgewehr und grinste. Wieder ein ganz normaler Tag im Leben eines Feuerkriegers. <\/p>\n<p>(w)2k1, A. Kapust<\/p>\n<\/td>\n<\/tr>\n<\/tbody>\n<\/table>\n","protected":false},"excerpt":{"rendered":"<p>&nbsp; Shas\u2019ui Sa\u2019cea Dal\u2019n Vas rannte im Zickzack auf die n\u00e4chste Deckung zu, einem Felsen etwa 30 Meter entfernt, w\u00e4hrend die zweite Halbgruppe seines Teams Feuerunterst\u00fctzung gab. Hatte sein Trupp die letzten 5 Kilometer ohne gro\u00dfe Anstrengung nehmen k\u00f6nnen, so leisteten die Gue\u2019la, oder Menschen wie sie sich in ihrer \u2026 <a class=\"continue-reading-link\" href=\"https:\/\/www.derkapi.de\/?page_id=176\">Mehr nach dem Klick <span class=\"meta-nav\">&rarr; <\/span><\/a><\/p>\n","protected":false},"author":2,"featured_media":0,"parent":175,"menu_order":0,"comment_status":"open","ping_status":"closed","template":"","meta":{"footnotes":""},"class_list":["post-176","page","type-page","status-publish","hentry"],"_links":{"self":[{"href":"https:\/\/www.derkapi.de\/index.php?rest_route=\/wp\/v2\/pages\/176","targetHints":{"allow":["GET"]}}],"collection":[{"href":"https:\/\/www.derkapi.de\/index.php?rest_route=\/wp\/v2\/pages"}],"about":[{"href":"https:\/\/www.derkapi.de\/index.php?rest_route=\/wp\/v2\/types\/page"}],"author":[{"embeddable":true,"href":"https:\/\/www.derkapi.de\/index.php?rest_route=\/wp\/v2\/users\/2"}],"replies":[{"embeddable":true,"href":"https:\/\/www.derkapi.de\/index.php?rest_route=%2Fwp%2Fv2%2Fcomments&post=176"}],"version-history":[{"count":0,"href":"https:\/\/www.derkapi.de\/index.php?rest_route=\/wp\/v2\/pages\/176\/revisions"}],"up":[{"embeddable":true,"href":"https:\/\/www.derkapi.de\/index.php?rest_route=\/wp\/v2\/pages\/175"}],"wp:attachment":[{"href":"https:\/\/www.derkapi.de\/index.php?rest_route=%2Fwp%2Fv2%2Fmedia&parent=176"}],"curies":[{"name":"wp","href":"https:\/\/api.w.org\/{rel}","templated":true}]}}