{"id":178,"date":"2009-04-12T19:07:40","date_gmt":"2009-04-12T17:07:40","guid":{"rendered":"http:\/\/www.derkapi.de\/?page_id=178"},"modified":"2009-04-12T19:09:28","modified_gmt":"2009-04-12T17:09:28","slug":"dark-angels-bermacht","status":"publish","type":"page","link":"https:\/\/www.derkapi.de\/?page_id=178","title":{"rendered":"DA: &Uuml;bermacht"},"content":{"rendered":"<table cellspacing=\"0\" cellpadding=\"2\" width=\"450\" border=\"0\">\n<tbody>\n<tr>\n<td valign=\"top\" width=\"450\">\n<p align=\"justify\">Schon von weitem waren die dicken, ru\u00dfigen Abgasfahnen der grobschl\u00e4chtigen Orkfahrzeuge auszumachen und ihre Schlachtrufe \u00fcbert\u00f6nten sogar die dr\u00f6hnenden Motoren. <\/p>\n<p>Einfache Soldaten w\u00e4ren wohl angesichts dieser gigantischen \u00dcbermacht geflohen oder h\u00e4tten gez\u00f6gert. Nicht so die Space Marines vom Orden der Dark Angels. <\/p>\n<p>Abgekniet lauschten sie dem Gebet des Absolutionspriesters Lydrix und pr\u00fcften ein letztes Mal ihre Ausr\u00fcstung und Waffen. Als der Priester endete, erhoben sich alle Marines wie auf einen unh\u00f6rbaren Befehl hin und warteten auf die Ankunft der Au\u00dferirdischen. Aus einiger Entfernung war ein dumpfes Krachen zu h\u00f6ren. <\/p>\n<p>&#8222;Deckung, Br\u00fcder!&#8220; Doch zu sp\u00e4t. Eine gewaltigen Explosion erfasste Bruder Sinon und riss den ehrw\u00fcrdigen Cybot trotz kreischender Servomotoren von den Beinen. Rings um Captain Caladis waren die Space Marines in Deckung gegangen. Die gr\u00fcne Flut musste um jeden Preis gestoppt werden. <\/p>\n<p>Und schon preschte der Orkmob mit dr\u00f6hnenden Motoren auf die Stellung der Dark Angels zu. Die tapferen Krieger des Imperiums gingen durch die geballte Feuerkraft der Orks zu Boden, ohne auch nur einen Schuss abgegeben zu haben. <\/p>\n<p>Das Feuer der eigenen Unterst\u00fctzungseinheiten schlug tiefe Breschen in die Linien der Angreifer, die sich aber ebenso schnell wieder schlossen. Drei Landspeeder jagten mit pfeifende Turbinen \u00fcber die Stellung der Dark Angels hinweg und er\u00f6ffneten das Feuer auf die Orkbiker, die im Begriff waren, durch die Linien der Space Marines zu brechen. <\/p>\n<p>Mit eiserner Entschlossenheit richtet Capatin Caladis seinen Sturmbolter auf den vordersten Orkbiker und durchsiebte ihn mit einem Hagel aus Boltgeschossen. Um Caladis herum taten es ihm seine Br\u00fcder gleich und holten mit pr\u00e4zisen Sch\u00fcssen ihrer Bolter die Orks von ihren Maschinen. <\/p>\n<p>Eine einzelne Orkgranate durchschlug der Panzerung des Predatorpanzer, der in einer riesigen Explosion Bruder Markus mit in den Tod riss. <\/p>\n<p>Vor dem Captain ging einer der Landspeeder mit brennendem Triebwerk zu Boden und explodierte. 40 Meter davor vernichtete der Trupp Delta den letzten der verfluchten Orkbiker. Doch die Zahl der Orks nahm nicht ab. <\/p>\n<p>Grimmig zog Caladis sein Energieschwert, zeigte auf die HQ-Einheit der Orks und br\u00fcllte: &#8222;F\u00fcr den Imperator! Vernichtet den Abschaum! Angriff! Angriff!!&#8220;<\/p>\n<p>(w) 14.06.2K, Andreas Kapust <\/p>\n<\/td>\n<\/tr>\n<\/tbody>\n<\/table>\n","protected":false},"excerpt":{"rendered":"<p>Schon von weitem waren die dicken, ru\u00dfigen Abgasfahnen der grobschl\u00e4chtigen Orkfahrzeuge auszumachen und ihre Schlachtrufe \u00fcbert\u00f6nten sogar die dr\u00f6hnenden Motoren. Einfache Soldaten w\u00e4ren wohl angesichts dieser gigantischen \u00dcbermacht geflohen oder h\u00e4tten gez\u00f6gert. Nicht so die Space Marines vom Orden der Dark Angels. Abgekniet lauschten sie dem Gebet des Absolutionspriesters Lydrix \u2026 <a class=\"continue-reading-link\" href=\"https:\/\/www.derkapi.de\/?page_id=178\">Mehr nach dem Klick <span class=\"meta-nav\">&rarr; <\/span><\/a><\/p>\n","protected":false},"author":2,"featured_media":0,"parent":175,"menu_order":0,"comment_status":"open","ping_status":"closed","template":"","meta":{"footnotes":""},"class_list":["post-178","page","type-page","status-publish","hentry"],"_links":{"self":[{"href":"https:\/\/www.derkapi.de\/index.php?rest_route=\/wp\/v2\/pages\/178","targetHints":{"allow":["GET"]}}],"collection":[{"href":"https:\/\/www.derkapi.de\/index.php?rest_route=\/wp\/v2\/pages"}],"about":[{"href":"https:\/\/www.derkapi.de\/index.php?rest_route=\/wp\/v2\/types\/page"}],"author":[{"embeddable":true,"href":"https:\/\/www.derkapi.de\/index.php?rest_route=\/wp\/v2\/users\/2"}],"replies":[{"embeddable":true,"href":"https:\/\/www.derkapi.de\/index.php?rest_route=%2Fwp%2Fv2%2Fcomments&post=178"}],"version-history":[{"count":1,"href":"https:\/\/www.derkapi.de\/index.php?rest_route=\/wp\/v2\/pages\/178\/revisions"}],"predecessor-version":[{"id":182,"href":"https:\/\/www.derkapi.de\/index.php?rest_route=\/wp\/v2\/pages\/178\/revisions\/182"}],"up":[{"embeddable":true,"href":"https:\/\/www.derkapi.de\/index.php?rest_route=\/wp\/v2\/pages\/175"}],"wp:attachment":[{"href":"https:\/\/www.derkapi.de\/index.php?rest_route=%2Fwp%2Fv2%2Fmedia&parent=178"}],"curies":[{"name":"wp","href":"https:\/\/api.w.org\/{rel}","templated":true}]}}