{"id":179,"date":"2009-04-12T19:07:48","date_gmt":"2009-04-12T17:07:48","guid":{"rendered":"http:\/\/www.derkapi.de\/?page_id=179"},"modified":"2009-04-12T19:09:15","modified_gmt":"2009-04-12T17:09:15","slug":"dark-angels-die-neuordnung","status":"publish","type":"page","link":"https:\/\/www.derkapi.de\/?page_id=179","title":{"rendered":"DA: Die Neuordnung"},"content":{"rendered":"<table cellspacing=\"0\" cellpadding=\"2\" width=\"450\" border=\"0\">\n<tbody>\n<tr>\n<td valign=\"top\" width=\"450\">\n<p align=\"justify\">Das einstig stolze Imperium der Menschheit droht zu zerbrechen. <\/p>\n<p>Von innen, durch verschiedene Einfl\u00fcsse gespalten, wurde Marneus Augustus Calgar, Oberkommandierender der Ultramarines, aufgefordert vor einem Ausschuss auf Terra gegen verschiedene Anschuldigungen Stellung zu nehmen. Kurze Zeit darauf wurde Maneus von dem imperialen Rat wegen Hochverrats angeklagt und verurteilt. <\/p>\n<p>Schon bei der Anh\u00f6rung entging Lord Calgar nur knapp einem Anschlag. Die ganze Anh\u00f6rung stellte sich als eine gut getarnte Falle heraus, aus der er nur knapp entkam. Kaum zur\u00fcck im System Ultramar, wurden mehrere Orden ausgesandt um den vermeintlich abtr\u00fcnnigen Maneus Calgar dingfest zu machen. Wie viele andere Orden glaubten auch die Dark Angels fest an die Einfl\u00fcsse des Chaos und k\u00e4mpften verbissen, zusammen mit ihren Br\u00fcdern, gegen die Truppen der neu gegr\u00fcndeten Legion Ultramar. <\/p>\n<p>Es gab Tausende von Gefallenen auf beiden Seiten. Viele Space Marine Orden wurden fast oder gar v\u00f6llig ausgel\u00f6scht. Gro\u00dfe Teile der 1., 2. und 5. Kompanie der Dark Angels wurden vernichtet. Dann gelang es durch eine List, einem Trupp der 4. Kompanie und dem Rest der White Consuls unter der F\u00fchrung von Gro\u00dfmeister Ezekiel, nahe an das Lager von Maneus Calgar zu gelangen. <\/p>\n<p>Um die Pl\u00e4ne Calgars zu erfahren versuchte Ezekiel die Geistige Blockade des F\u00fchrers der Legion Ultramar zu durchbrechen. Es gelang ihm unter gr\u00f6\u00dfer Anstrengung und zu dessen gro\u00dfer Verwunderung erkannte er in Maneus Geist keine Anzeichen von Besessenheit durch das Chaos. Die Anschuldigungen waren demzufolge nichts weiter als Verleumdung. <\/p>\n<p>Mit diesen Erkenntnissen brach Gro\u00dfmeister Ezekiel den geplanten Angriff unverz\u00fcglich ab und kehrte mit seinen Truppen ins Hauptquartier der Angreifer zur\u00fcck. Dort berichtete er dem Commander Azrael, seines Zeichens oberster Gro\u00dfmeister der Dark Angels. Trotz hitziger Debatten mit Kommandanten anderer Orden, lie\u00df Azrael die K\u00e4mpfe vor\u00fcbergehend einstellen und bat Calgar zu einer Unterredung. Einen erneuten Verrat witternd, lehnte Maneus ab. Zum Zeichen seines guten Willens und als Beweis seiner Ehrlichkeit kam Azrael ohne Waffen und R\u00fcstung zum vereinbarten Treffpunkt. Was bei dem Treffen besprochen wurde, wird wohl nie an die \u00d6ffentlichkeit gelangen. Doch kaum zwei Stunden nach dem sich beide Commander trennten, zogen viele der angreifenden Orden sich zur\u00fcck. <\/p>\n<p>Wieder in ihrer Festung beriefen die Dark Angels ein Treffen mit den anderen Ordensf\u00fchrern ein, um dar\u00fcber zu beraten wie es nur weitergehen w\u00fcrde. Und nicht nur die White Consuls schickten nur einen Veteranensergeant der sie als Oberkommandierender f\u00fchrte. Schon dieses zeigte wie sehr die ultimativen K\u00e4mpfer der Menschheit unter diesem Konflikt gelitten hatten. <\/p>\n<p>Da der Krieg die Grenzen des Imperiums schutzlos zur\u00fcckgelassen hatte, beschloss man hastig, dass die \u00dcberreste einzelner Orden in anderen Space Marine Orden eingliedert werden. Die White Consuls, unter der F\u00fchrung Veteranensergeant Kemris, traten den Dark Angels bei. Zu Ehren der ehemaligen White Consuls und ihrer gefallenen Br\u00fcder, f\u00e4rbten alle Truppf\u00fchrer die Kanten ihrer Schulterpanzer Wei\u00df. <\/p>\n<p>Kemris wurde zum Leutnant bef\u00f6rdert und zum stellvertretenden F\u00fchrer der 3. Kompanie ernannt. Da die 1. und 2. Kompanie schwere Verluste erleiden musste, f\u00fchren die Kampfkompanien fortan eigene Sturm- und Terminatorentrupps.<\/p>\n<p>w)&nbsp; 2001, Andreas Kapust,<br \/>aufbauend auf der Geschichte der Legion Ultra<br \/>von Patrick Richter.<\/p>\n<\/td>\n<\/tr>\n<\/tbody>\n<\/table>\n","protected":false},"excerpt":{"rendered":"<p>Das einstig stolze Imperium der Menschheit droht zu zerbrechen. Von innen, durch verschiedene Einfl\u00fcsse gespalten, wurde Marneus Augustus Calgar, Oberkommandierender der Ultramarines, aufgefordert vor einem Ausschuss auf Terra gegen verschiedene Anschuldigungen Stellung zu nehmen. Kurze Zeit darauf wurde Maneus von dem imperialen Rat wegen Hochverrats angeklagt und verurteilt. Schon bei \u2026 <a class=\"continue-reading-link\" href=\"https:\/\/www.derkapi.de\/?page_id=179\">Mehr nach dem Klick <span class=\"meta-nav\">&rarr; <\/span><\/a><\/p>\n","protected":false},"author":2,"featured_media":0,"parent":175,"menu_order":0,"comment_status":"open","ping_status":"closed","template":"","meta":{"footnotes":""},"class_list":["post-179","page","type-page","status-publish","hentry"],"_links":{"self":[{"href":"https:\/\/www.derkapi.de\/index.php?rest_route=\/wp\/v2\/pages\/179","targetHints":{"allow":["GET"]}}],"collection":[{"href":"https:\/\/www.derkapi.de\/index.php?rest_route=\/wp\/v2\/pages"}],"about":[{"href":"https:\/\/www.derkapi.de\/index.php?rest_route=\/wp\/v2\/types\/page"}],"author":[{"embeddable":true,"href":"https:\/\/www.derkapi.de\/index.php?rest_route=\/wp\/v2\/users\/2"}],"replies":[{"embeddable":true,"href":"https:\/\/www.derkapi.de\/index.php?rest_route=%2Fwp%2Fv2%2Fcomments&post=179"}],"version-history":[{"count":1,"href":"https:\/\/www.derkapi.de\/index.php?rest_route=\/wp\/v2\/pages\/179\/revisions"}],"predecessor-version":[{"id":181,"href":"https:\/\/www.derkapi.de\/index.php?rest_route=\/wp\/v2\/pages\/179\/revisions\/181"}],"up":[{"embeddable":true,"href":"https:\/\/www.derkapi.de\/index.php?rest_route=\/wp\/v2\/pages\/175"}],"wp:attachment":[{"href":"https:\/\/www.derkapi.de\/index.php?rest_route=%2Fwp%2Fv2%2Fmedia&parent=179"}],"curies":[{"name":"wp","href":"https:\/\/api.w.org\/{rel}","templated":true}]}}