{"id":21,"date":"2009-03-30T11:59:19","date_gmt":"2009-03-30T09:59:19","guid":{"rendered":"http:\/\/www.derkapi.de\/?page_id=21"},"modified":"2010-03-21T17:14:59","modified_gmt":"2010-03-21T15:14:59","slug":"teil1","status":"publish","type":"page","link":"https:\/\/www.derkapi.de\/?page_id=21","title":{"rendered":"Chaos &#8211; Teil1"},"content":{"rendered":"<p>Wichtig, wenn man sich unn\u00f6tige \u00c4rgernisse beim bemalen des Resin-Modells ersparen will, alle Teile vorher waschen!    <br \/><a href=\"http:\/\/derkapi.de\/pics\/Teil1_BCAC\/c1.jpg\"><img loading=\"lazy\" decoding=\"async\" style=\"border-right-width: 0px; border-top-width: 0px; border-bottom-width: 0px; border-left-width: 0px\" border=\"0\" alt=\"c1\" src=\"http:\/\/derkapi.de\/pics\/Teil1_BCAC\/c1_thumb.jpg\" width=\"404\" height=\"304\" \/><\/a>     <br \/>Auf den Teilen ist immer noch so viel Trennmittel, dass die Farbe einfach nicht an Ort und Stelle bleibt. Selbst die Grundierung h\u00e4lt dort nicht und bl\u00e4ttert ab. Sollten doch solche Stellen \u00fcbrig bleiben, hilft der alte Trick mit dem Sp\u00fclmittel. Einen Tropfen davon auf die Pinselspitze, ins Wasser tauchen und leicht abstreichen, dann in die Farbe und malen. Dadurch wird die Spannung aus der Fl\u00fcssigkeit genommen und mit etwas Gl\u00fcck h\u00e4lt die Farbe dort.<\/p>\n<p><a href=\"http:\/\/derkapi.de\/pics\/Teil1_BCAC\/c2.jpg\"><img loading=\"lazy\" decoding=\"async\" style=\"border-right-width: 0px; border-top-width: 0px; border-bottom-width: 0px; border-left-width: 0px\" border=\"0\" alt=\"c2\" src=\"http:\/\/derkapi.de\/pics\/Teil1_BCAC\/c2_thumb.jpg\" width=\"404\" height=\"332\" \/><\/a><\/p>\n<p>Wie bei allen Forge World-Modellen ben\u00f6tigt man eine Hands\u00e4ge, eine Kneifzange und was ich beim <a href=\"https:\/\/www.derkapi.de\/wh40k\/chaos_kriegsmaschinen.html#LABEL_Fellblade\" target=\"_blank\">Fellblade<\/a> besonders zu sch\u00e4tzen gelernt habe ist die Modellbaukneifzange, ganz oben im Bild!<\/p>\n<p>Das Ding ist Gold wert! Man muss das allerdings nicht w\u00f6rtlich verstehen und die teuere von GW kaufen, sondern eine vergleichbare reicht v\u00f6llig. Was vorher Cutter und Feile erledigt haben, l\u00e4sst sich prima mit der Zange ausf\u00fchren.    <br \/>Ansonsten kamen die gleichen Dinge wie beim ersten Titan zum Einsatz &#8211; okay, die Zeitungsunterlagen wurden in der Zwischenzeit gewechselt \ud83d\ude09<\/p>\n<p>Ach, und die Kamara ist &#8217;ne neue, wie man an den deutlich besseren Fotos erkennen kann.<\/p>\n<p>Hier die \u00fcblichen Fotos vor der Montage der Teile:    <br \/><a href=\"http:\/\/derkapi.de\/pics\/Teil1_BCAC\/c3.jpg\"><img loading=\"lazy\" decoding=\"async\" style=\"border-right-width: 0px; border-top-width: 0px; border-bottom-width: 0px; border-left-width: 0px\" border=\"0\" alt=\"c3\" src=\"http:\/\/derkapi.de\/pics\/Teil1_BCAC\/c3_thumb.jpg\" width=\"404\" height=\"304\" \/><\/a><\/p>\n<p>Und grundiert:    <br \/><a href=\"http:\/\/derkapi.de\/pics\/Teil1_BCAC\/c4.jpg\"><img loading=\"lazy\" decoding=\"async\" style=\"border-right-width: 0px; border-top-width: 0px; border-bottom-width: 0px; border-left-width: 0px\" border=\"0\" alt=\"c4\" src=\"http:\/\/derkapi.de\/pics\/Teil1_BCAC\/c4_thumb.jpg\" width=\"404\" height=\"318\" \/><\/a><\/p>\n<p>Und die ersten Bemaltests:    <br \/><a href=\"http:\/\/derkapi.de\/pics\/Teil1_BCAC\/c5.jpg\"><img loading=\"lazy\" decoding=\"async\" style=\"border-right-width: 0px; border-top-width: 0px; border-bottom-width: 0px; border-left-width: 0px\" border=\"0\" alt=\"c5\" src=\"http:\/\/derkapi.de\/pics\/Teil1_BCAC\/c5_thumb.jpg\" width=\"404\" height=\"364\" \/><\/a>     <br \/>Die Gold \/ Blau- Kombination wird gut. Bei dem Chaostern bin ich mir noch nicht sicher ob ich bei Gold bleibe oder Boltgun-Silver benutze. Tendenz ist Boltgun.<\/p>\n<p><a href=\"http:\/\/derkapi.de\/pics\/Teil1_BCAC\/c6.jpg\"><img loading=\"lazy\" decoding=\"async\" style=\"border-right-width: 0px; border-top-width: 0px; border-bottom-width: 0px; border-left-width: 0px\" border=\"0\" alt=\"c6\" src=\"http:\/\/derkapi.de\/pics\/Teil1_BCAC\/c6_thumb.jpg\" width=\"404\" height=\"264\" \/><\/a>     <br \/>Ja ich glaube auch das <em>Fleischige<\/em> wird gut. \ud83d\ude09<\/p>\n<p>Bei diesem Modell werde ich mir Handwerklichen Tipps sparen, die ich bereits beim ersten Titan gab und mich auf das wesentliche beschr\u00e4nken.<\/p>\n<p>Streng nach Anleitung begann ich mit den F\u00fc\u00dfen und legte mir erst einmal alle Teile bereit.    <br \/>Anschlie\u00dfend wurden diese <em>grobbemalt<\/em> und die <em>Pistons<\/em> auf L\u00e4nge geschnitten und alles nach und nach zusammen gebaut.     <br \/>Tipp: Damit die Zehen nicht so eingeknickt wirkten, habe ich eine Unterlegscheibe unter den Fu\u00df gelegt.     <br \/>Ich fertigte erst einen Fu\u00df (den linken), damit ich falls ich mich mit der Beinstellung vertan habe, dies mit anheben der Hacke des rechten Fu\u00dfes korrigieren kann.<\/p>\n<p>Es kam wieder der Gel-Kleber f\u00fcr den festen Halt und der Revel-Fl\u00fcssigkleber f\u00fcr die kleinen Spalten (ich liebe die Kapillarwirkung) zum Einsatz.<\/p>\n<p>Anschlie\u00dfend landete der Fu\u00df zum <em>ausstinken<\/em> auf der Fensterbank beim ge\u00f6ffneten Fenster versteht sich.<\/p>\n<p><a href=\"http:\/\/derkapi.de\/pics\/Teil1_BCAC\/c7.jpg\"><img loading=\"lazy\" decoding=\"async\" style=\"border-right-width: 0px; border-top-width: 0px; border-bottom-width: 0px; border-left-width: 0px\" border=\"0\" alt=\"c7\" src=\"http:\/\/derkapi.de\/pics\/Teil1_BCAC\/c7_thumb.jpg\" width=\"404\" height=\"304\" \/><\/a>     <br \/><a href=\"http:\/\/derkapi.de\/pics\/Teil1_BCAC\/c8.jpg\"><img loading=\"lazy\" decoding=\"async\" style=\"border-right-width: 0px; border-top-width: 0px; border-bottom-width: 0px; border-left-width: 0px\" border=\"0\" alt=\"c8\" src=\"http:\/\/derkapi.de\/pics\/Teil1_BCAC\/c8_thumb.jpg\" width=\"404\" height=\"312\" \/><\/a><\/p>\n<p>Nebenbei: Die goldenen Verziehrungen an den Zehen sowie L\u00fcftungsschlitze der Servomotoren&#160; (oder was immer da bel\u00fcftet wird) k\u00e4me sp\u00e4ter, da hier durch den Zusammenbau die Farbe eh wieder abgehen w\u00fcrde, darum auch <em>Grobbemalung<\/em>.     <br \/><a href=\"http:\/\/derkapi.de\/pics\/Teil1_BCAC\/c9.jpg\"><img loading=\"lazy\" decoding=\"async\" style=\"border-right-width: 0px; border-top-width: 0px; border-bottom-width: 0px; border-left-width: 0px\" border=\"0\" alt=\"c9\" src=\"http:\/\/derkapi.de\/pics\/Teil1_BCAC\/c9_thumb.jpg\" width=\"404\" height=\"267\" \/><\/a><\/p>\n<p>Anschlie\u00dfen (grob)bemalte ich die Beine und lege sie ann\u00e4hernd in die gew\u00fcnschte Position.<\/p>\n<p><a href=\"http:\/\/derkapi.de\/pics\/Teil1_BCAC\/c10.jpg\"><img decoding=\"async\" style=\"border-right-width: 0px; border-top-width: 0px; border-bottom-width: 0px; border-left-width: 0px\" border=\"0\" alt=\"c10\" src=\"http:\/\/derkapi.de\/pics\/Teil1_BCAC\/c10_thumb.jpg\" \/><\/a>     <br \/>Das rechte Bein (hier im Bild links) sollten nach hinten stehen und eingeknickt sein, w\u00e4hren das Linke seitlich nach vorn geschoben werden sollte.<\/p>\n<p>Sozusagen der Karate-Stand \ud83d\ude09<\/p>\n<p>Diese m\u00fcsste dem Titan die gew\u00fcnschte verschlagene Pose geben &#8211; mal sehen ob das alles so wird, wie ich mir das vorgestellt habe.    <br \/>Dann wurden die <em>Pistons<\/em> (rote Pfeile) auf L\u00e4nge geschnitten und eingef\u00fcgt. Beim Zusammenkleben der Beine kam diese Mal noch Uhu-Alleskleber zum Einsatz, schlicht damit ich nicht so viel Gelkleber verbraten muss.<\/p>\n<p><a href=\"http:\/\/derkapi.de\/pics\/Teil1_BCAC\/c11.jpg\"><img loading=\"lazy\" decoding=\"async\" style=\"border-right-width: 0px; border-top-width: 0px; border-bottom-width: 0px; border-left-width: 0px\" border=\"0\" alt=\"c11\" src=\"http:\/\/derkapi.de\/pics\/Teil1_BCAC\/c11_thumb.jpg\" width=\"404\" height=\"347\" \/><\/a><\/p>\n<p>Die Hauptlast tr\u00e4gt zwar der Gelkleber, doch je mehr Halt desto besser (der Torso mit Waffen wiegt ja einiges). F\u00fcr die L\u00fccken &#8211; Fl\u00fcssigkleber.    <br \/><em>     <br \/>Bleibt zu hoffen, dass Uhu, Gel-, Fl\u00fcssigkleber und Resin nicht chemisch negativ reagieren &#8211; sollte es also keinen zweiten Teil geben &#8230;       <br \/>Ich meine die Kombi aber schon mal benutzt zu haben<\/em> \ud83d\ude09     <br \/>Auch das stinkt sich jetzt erst einmal aus.<\/p>\n<p>Ich w\u00fcrde dem Ganzen jetzt 24 Stunden (oder einfach schlicht bis morgen fr\u00fch) Zeit geben, durchzuh\u00e4rten, bevor ich mit dem rechten Fu\u00df und dessen <em>Pistons<\/em> (ich hasse <em>Pistons<\/em>) fortfuhr. Ab dann k\u00f6nnte ich sicher gefahrlos rumpositionieren um zu sehen ob der Stand passte.     <br \/>W\u00e4hrend das alles also erst einmal trocknen muss, nahm ich mir bemaltechnisch schon mal die anderen Teile vor.<\/p>\n<h4><em>So das war es, meine Finger sind bunt und verklebt, in der K\u00fcche bekommt man &#8217;nen Flash&#160; \u0336&#160; das hat ja alles SUPER geklappt!<\/em><\/h4>\n<p><strong>ENDE DES 1. TEILS<\/strong><\/p>\n<p><strong><\/strong><\/p>\n<p><strong><\/strong>&#160;<\/p>\n<p><strong><\/strong><\/p>\n<h2>Weitere Teile:<\/h2>\n<ul>\n<li><a href=\"https:\/\/www.derkapi.de\/?page_id=62\">Vorwort<\/a> <\/li>\n<li><strong>Teil1<\/strong> <\/li>\n<li><a href=\"https:\/\/www.derkapi.de\/?page_id=22\">Teil2<\/a> <\/li>\n<li><a href=\"https:\/\/www.derkapi.de\/?page_id=23\">Teil3<\/a> <\/li>\n<li><a href=\"https:\/\/www.derkapi.de\/?page_id=24\">Teil4<\/a> <\/li>\n<li><a href=\"https:\/\/www.derkapi.de\/?page_id=26\">Teil5<\/a> <\/li>\n<li><a href=\"https:\/\/www.derkapi.de\/?page_id=27\">Teil6<\/a> <\/li>\n<\/ul>\n","protected":false},"excerpt":{"rendered":"<p>Wichtig, wenn man sich unn\u00f6tige \u00c4rgernisse beim bemalen des Resin-Modells ersparen will, alle Teile vorher waschen! Auf den Teilen ist immer noch so viel Trennmittel, dass die Farbe einfach nicht an Ort und Stelle bleibt. Selbst die Grundierung h\u00e4lt dort nicht und bl\u00e4ttert ab. Sollten doch solche Stellen \u00fcbrig bleiben, \u2026 <a class=\"continue-reading-link\" href=\"https:\/\/www.derkapi.de\/?page_id=21\">Mehr nach dem Klick <span class=\"meta-nav\">&rarr; <\/span><\/a><\/p>\n","protected":false},"author":2,"featured_media":0,"parent":62,"menu_order":1,"comment_status":"open","ping_status":"closed","template":"","meta":{"footnotes":""},"class_list":["post-21","page","type-page","status-publish","hentry"],"_links":{"self":[{"href":"https:\/\/www.derkapi.de\/index.php?rest_route=\/wp\/v2\/pages\/21","targetHints":{"allow":["GET"]}}],"collection":[{"href":"https:\/\/www.derkapi.de\/index.php?rest_route=\/wp\/v2\/pages"}],"about":[{"href":"https:\/\/www.derkapi.de\/index.php?rest_route=\/wp\/v2\/types\/page"}],"author":[{"embeddable":true,"href":"https:\/\/www.derkapi.de\/index.php?rest_route=\/wp\/v2\/users\/2"}],"replies":[{"embeddable":true,"href":"https:\/\/www.derkapi.de\/index.php?rest_route=%2Fwp%2Fv2%2Fcomments&post=21"}],"version-history":[{"count":4,"href":"https:\/\/www.derkapi.de\/index.php?rest_route=\/wp\/v2\/pages\/21\/revisions"}],"predecessor-version":[{"id":252,"href":"https:\/\/www.derkapi.de\/index.php?rest_route=\/wp\/v2\/pages\/21\/revisions\/252"}],"up":[{"embeddable":true,"href":"https:\/\/www.derkapi.de\/index.php?rest_route=\/wp\/v2\/pages\/62"}],"wp:attachment":[{"href":"https:\/\/www.derkapi.de\/index.php?rest_route=%2Fwp%2Fv2%2Fmedia&parent=21"}],"curies":[{"name":"wp","href":"https:\/\/api.w.org\/{rel}","templated":true}]}}