{"id":22,"date":"2009-03-30T12:04:21","date_gmt":"2009-03-30T10:04:21","guid":{"rendered":"http:\/\/www.derkapi.de\/?page_id=22"},"modified":"2010-03-21T17:15:38","modified_gmt":"2010-03-21T15:15:38","slug":"teil2","status":"publish","type":"page","link":"https:\/\/www.derkapi.de\/?page_id=22","title":{"rendered":"Chaos &#8211; Teil2"},"content":{"rendered":"<h2>Hurra Pistons! \ud83d\ude41<\/h2>\n<p><a href=\"http:\/\/derkapi.de\/pics\/Teil2_C3A2\/c12.jpg\"><img loading=\"lazy\" decoding=\"async\" style=\"border-right-width: 0px; border-top-width: 0px; border-bottom-width: 0px; border-left-width: 0px\" border=\"0\" alt=\"c12\" src=\"http:\/\/derkapi.de\/pics\/Teil2_C3A2\/c12_thumb.jpg\" width=\"404\" height=\"250\" \/><\/a>     <\/p>\n<p>Von diesen Hydraulikteilen gab es pro vorderen Zeh <b>drei<\/b>. Am Kn\u00f6chel <b>f\u00fcnf<\/b>, am oberen Knie <b>zwei<\/b> und <b>drei<\/b> an der H\u00fcfte. Zum Gl\u00fcck hat der Titan nur zwei Bein.     <br \/>Jedes Mal anpassen, schneiden ankleben. Von den f\u00fcnf pro Kn\u00f6chel ist nicht einer heil geblieben!<a href=\"http:\/\/derkapi.de\/pics\/Teil2_C3A2\/c12.jpg\">      <br \/><\/a>    <br \/>Es empfiehlt sich, Kugellager an der Sole anzufeilen damit es ein wenig besser geht.     <br \/>Relativ einfach (wie gesagt bei mir sind alle an der Fassung gebrochen) geht es, wenn man sie hin und her dreht. Als Kleber unten und in der Verbindung Fl\u00fcssigkleber und oben Gel-Kleber.     <\/p>\n<p><a href=\"http:\/\/derkapi.de\/pics\/Teil2_C3A2\/c13.jpg\"><img loading=\"lazy\" decoding=\"async\" style=\"border-right-width: 0px; border-top-width: 0px; border-bottom-width: 0px; border-left-width: 0px\" border=\"0\" alt=\"c13\" src=\"http:\/\/derkapi.de\/pics\/Teil2_C3A2\/c13_thumb.jpg\" width=\"404\" height=\"313\" \/><\/a><\/p>\n<p>Zu den Beinen ist nicht viel zu sagen. Ich steckte beide in die F\u00fc\u00dfe und hielt alles grob in Form. Dann legt ich eines ab und zeichnete mit dem Cutter an Kn\u00f6chelgelenk einen Strich, damit ich die ungef\u00e4hre Stellung des Beins hatte.    <\/p>\n<p>Und dann kam jede Menge Gel-Kleber rein. Was an den Seiten raus quoll, strich ich mit dem Pinselstiel vorsichtig ab. Bei Gel-Kleber und den aktuellen Temperaturen (der Zusammenbau war im Juli) muss man das Bein zum Gl\u00fcck nicht lange festhalten.     <\/p>\n<p>Die gleiche Prozedur wandte ich bei dem anderen Bein an, nur achte ich hier noch darauf, dass beide H\u00fcftgelenkte die gleich H\u00f6he erreichten.     <\/p>\n<p>Bei meinen <i>geliebten<\/i> <i>Pistons<\/i> gab es noch ein kleines Problem. Ich hatte das linke Bein wohl etwas zu weit gestreckt, denn einer der <i>Pistons<\/i> war zu kurz (roter Pfeil). Da ich aber viele der Anderen gek\u00fcrzt hatte, musste ich diesen einen nur verl\u00e4ngern.     <\/p>\n<p>Um dabei m\u00f6glicht viel Klebefl\u00e4che zu bekommen, schnitt ich beide Enden in 45 Gradwinkel an und klebte sie zusammen.     <br \/>Kein Problem.     <\/p>\n<p>Schwieriger war es eines der abgekniffenen Dinger zu finden, die beim abkneifen wild in der K\u00fcche rum geflogen waren \ud83d\ude09     <\/p>\n<p><a href=\"http:\/\/derkapi.de\/pics\/Teil2_C3A2\/c14.jpg\"><img loading=\"lazy\" decoding=\"async\" style=\"border-right-width: 0px; border-top-width: 0px; border-bottom-width: 0px; border-left-width: 0px\" border=\"0\" alt=\"c14\" src=\"http:\/\/derkapi.de\/pics\/Teil2_C3A2\/c14_thumb.jpg\" width=\"404\" height=\"368\" \/><\/a><\/p>\n<p>Zwischendurch gab ich den Beinen etwas Zeit zum antrocknen und widmete mich derweil ein paar anderen Stellen, wie zum Beispiel Unebenheiten durch Kleber. Diese feilte ich einfach eben (siehe unten), s\u00e4uberte sie und male sie anschlie\u00dfen \u00fcber.    <\/p>\n<p>\u00c4h sorry, <i>grobbemalte<\/i> sie \u00fcber. Um etwas Zeit zu \u00fcberbr\u00fccken, grundierte ich die letzten Kleinteile f\u00fcr den \u00fcbern\u00e4chsten Arbeitsgang und lie\u00df sie auf dem Balkon trocknen und ausm\u00fcffeln.     <\/p>\n<p><a href=\"http:\/\/derkapi.de\/pics\/Teil2_C3A2\/c16.jpg\"><img loading=\"lazy\" decoding=\"async\" style=\"border-right-width: 0px; border-top-width: 0px; border-bottom-width: 0px; border-left-width: 0px\" border=\"0\" alt=\"c16\" src=\"http:\/\/derkapi.de\/pics\/Teil2_C3A2\/c16_thumb.jpg\" width=\"404\" height=\"304\" \/><\/a><\/p>\n<p>Nach dem auch die <i>Pistons<\/i> am rechten Bein angebracht waren, gab ich diesem wieder etwas Zeit zum durchh\u00e4rten und klebte den Torso (links im Bild) zusammen. Dieser aus sieben Teilen bestehende (<i>Right\/Left Carapace, Body Rear, Main Body Assembly, Doorway Right\/Left Servitor Schoulder)<\/i> bereitet dieses Mal weniger Probleme als beim imperialen Gegenst\u00fcck. Es musste nichts gefeilt oder ges\u00e4gt werden, sondern alles passte ohne Probleme. Als &#8218;F\u00fcllkleber&#8216; nutze ich Uhu und der Rest bekam die volle Ladung Gel. Damit hatte ich dann mit der Halben vom Anfang und der neuen von gestern 1,5 von den Gel-Dingern verbraten und musste meine allerletzte Tube anbrechen.     <\/p>\n<p><i>Hatte ich beim letzten Mal nicht 10 von den Dingern gekauft, wo sind die nur hin? Da stand in der kommenden Woche wohl ein Besuch beim Baummarkt an. War ja aber eh f\u00fcr die Base geplant.      <br \/><\/i>    <br \/>Zur\u00fcck zum Torso des Titans. Damit ich das nicht die ganze Zeit halten musste, beauftragte ich den <i>Hilfsarbeiter Gummiband<\/i> mit dem Job.     <\/p>\n<p>Jetzt kam der Moment der Wahrheit. Der Zusammenbau von Beinen, H\u00fcfte und <i>Hip Joint<\/i> (das sind die Kugeldinger, die H\u00fcfte und Beine verbinden). \u00dcber die <i>Hip Joint<\/i> legt man zum Einen die Beinstellung fest, also das seitlich nach au\u00dfen drehen des Beins, und zum Anderen auch die Neigung des Torsos.     <\/p>\n<p>Beabsichtigt war, dass der Torso leicht nach vorn gebeugt und der Kopf wieder etwas nach oben angebracht wird (also nicht grade am Torso). Dies sollte so was wie hochgezogene Schultern darstellen, w\u00e4hren der Kopf lauernd in die Ferne schaute. W\u00fcrde man den Kopf gerade am Torso anbringen schaut der Titan auf den Boden, als w\u00fcrde er sich sch\u00e4men oder schauen ob seine Schn\u00fcrsenkel offen sind (diese Stellung hatte ich schon auf einigen Bilder gesehen, noch dazu waren dann auch die Waffen nach unten gerichtet! Das wirkte einfach nur bl\u00f6d!).     <br \/><a href=\"http:\/\/derkapi.de\/pics\/Teil2_C3A2\/c17.jpg\"><img loading=\"lazy\" decoding=\"async\" style=\"border-right-width: 0px; border-top-width: 0px; border-bottom-width: 0px; border-left-width: 0px\" border=\"0\" alt=\"c17\" src=\"http:\/\/derkapi.de\/pics\/Teil2_C3A2\/c17_thumb.jpg\" width=\"404\" height=\"239\" \/><\/a><\/p>\n<p>Hier sieht man die Beinstellung von der Seite. Der <i>Karatestand<\/i> kommt doch r\u00fcber, finde ich.     <\/p>\n<p>Beim Zusammen musste ich tats\u00e4chlich etwas tricksen. Nicht weil die Beine ungleich hoch waren, sondern weil die <i>Hip Joints<\/i> ungl\u00fccklich angebracht waren. Die Neigung des Torsos w\u00e4re, bedingt durch die H\u00fcfte, so zu gro\u00df gewesen, darum positioniert ich das rechte Bein etwas anders als urspr\u00fcnglich gedacht. Ich zog es etwas hoch, so als w\u00fcrde der hinter Fu\u00df f\u00fcr den n\u00e4chsten Schritt bereits angehoben (man beachte die Feile, die da wie <i>zuf\u00e4llig<\/i> unter der <i>Rear Toe <\/i>liegt).     <\/p>\n<p><i>&lt;Im Nachhinein entschied ich mich daf\u00fcr den hinteren Fu\u00df aufzusetzen und den vorderen Fu\u00df anzuheben. Dies bewerkstelligte ich einfach mit der Base. So reduzierte ich die Neigung noch zus\u00e4tzlich.&gt;      <br \/><\/i>    <br \/>Das ist aber nicht weiter schlimm. Etwas Sorgen machte mir allerdings dann doch der Stand. Es sah gut aus, ohne Frage, doch war ich mir bei dem Gewicht das auf den Beinen ruhen w\u00fcrde nicht ganz sicher. W\u00e4hrend die Beine beim imperialen Titan den Druck direkt auf die Resin-Teile darunter abgaben, ruhte hier die Last auf den Gelenken.     <\/p>\n<p>Beim rechten (hintern) Bein eindeutig die beiden Kniegelenke aber auch das Fu\u00dfgelenk, weil es m\u00f6glicherweise eine Zug nach vorne geben k\u00f6nnte. Und beim linken Bein das Fu\u00dfgelenk. Der Druck auf das rechte Bein lie\u00df sich durch die <i>Lower Leg Armour<\/i> abmildern, die hier das Bein st\u00fctzten k\u00f6nnte. Oder ggf. bringe ich hinter den Panzerung eine kleine Eisenstange unter, die das Bein unsichtbar abst\u00fctzt. Doch Links, w\u00fcrde sich das wohl nicht machen lassen.     <\/p>\n<p>Vielleicht war ich auch nur etwas zu vorsichtig, mal sehen was am Ende an Gewicht beim Torso zusammen kommt. Zur Not lie\u00df sich sicher auch noch mit der Base tricksen, wenn es doch zu viel sein sollte.     <\/p>\n<p><a href=\"http:\/\/derkapi.de\/pics\/Teil2_C3A2\/c18.jpg\"><img loading=\"lazy\" decoding=\"async\" style=\"border-right-width: 0px; border-top-width: 0px; border-bottom-width: 0px; border-left-width: 0px\" border=\"0\" alt=\"c18\" src=\"http:\/\/derkapi.de\/pics\/Teil2_C3A2\/c18_thumb.jpg\" width=\"404\" height=\"272\" \/><\/a><\/p>\n<p>Das war es wieder! Bunte und verklebte Finger, K\u00fcche mieft, ich mache Schluss f\u00fcr heute. Das waren jetzt so ca. 4,5 Stunden Arbeit (diese Seite nicht mitgerechnet). Mal sehen ob ich unter der Woche etwas Zeit zum weitermachen einplanen kann.<\/p>\n<p><b>ENDE DES 2. TEILS<\/b><\/p>\n<p>&#160;<\/p>\n<p><strong><\/strong><\/p>\n<h2>Weitere Teile:<\/h2>\n<ul>\n<li><a href=\"https:\/\/www.derkapi.de\/?page_id=62\">Vorwort<\/a> <\/li>\n<li><a href=\"https:\/\/www.derkapi.de\/?page_id=21\">Teil1<\/a> <\/li>\n<li><strong>Teil2<\/strong> <\/li>\n<li><a href=\"https:\/\/www.derkapi.de\/?page_id=23\">Teil3<\/a> <\/li>\n<li><a href=\"https:\/\/www.derkapi.de\/?page_id=24\">Teil4<\/a> <\/li>\n<li><a href=\"https:\/\/www.derkapi.de\/?page_id=26\">Teil5<\/a> <\/li>\n<li><a href=\"https:\/\/www.derkapi.de\/?page_id=27\">Teil6<\/a> <\/li>\n<\/ul>\n<ul><\/ul>\n","protected":false},"excerpt":{"rendered":"<p>Hurra Pistons! \ud83d\ude41 Von diesen Hydraulikteilen gab es pro vorderen Zeh drei. Am Kn\u00f6chel f\u00fcnf, am oberen Knie zwei und drei an der H\u00fcfte. Zum Gl\u00fcck hat der Titan nur zwei Bein. Jedes Mal anpassen, schneiden ankleben. Von den f\u00fcnf pro Kn\u00f6chel ist nicht einer heil geblieben! Es empfiehlt sich, \u2026 <a class=\"continue-reading-link\" href=\"https:\/\/www.derkapi.de\/?page_id=22\">Mehr nach dem Klick <span class=\"meta-nav\">&rarr; <\/span><\/a><\/p>\n","protected":false},"author":2,"featured_media":0,"parent":62,"menu_order":2,"comment_status":"open","ping_status":"closed","template":"","meta":{"footnotes":""},"class_list":["post-22","page","type-page","status-publish","hentry"],"_links":{"self":[{"href":"https:\/\/www.derkapi.de\/index.php?rest_route=\/wp\/v2\/pages\/22","targetHints":{"allow":["GET"]}}],"collection":[{"href":"https:\/\/www.derkapi.de\/index.php?rest_route=\/wp\/v2\/pages"}],"about":[{"href":"https:\/\/www.derkapi.de\/index.php?rest_route=\/wp\/v2\/types\/page"}],"author":[{"embeddable":true,"href":"https:\/\/www.derkapi.de\/index.php?rest_route=\/wp\/v2\/users\/2"}],"replies":[{"embeddable":true,"href":"https:\/\/www.derkapi.de\/index.php?rest_route=%2Fwp%2Fv2%2Fcomments&post=22"}],"version-history":[{"count":5,"href":"https:\/\/www.derkapi.de\/index.php?rest_route=\/wp\/v2\/pages\/22\/revisions"}],"predecessor-version":[{"id":253,"href":"https:\/\/www.derkapi.de\/index.php?rest_route=\/wp\/v2\/pages\/22\/revisions\/253"}],"up":[{"embeddable":true,"href":"https:\/\/www.derkapi.de\/index.php?rest_route=\/wp\/v2\/pages\/62"}],"wp:attachment":[{"href":"https:\/\/www.derkapi.de\/index.php?rest_route=%2Fwp%2Fv2%2Fmedia&parent=22"}],"curies":[{"name":"wp","href":"https:\/\/api.w.org\/{rel}","templated":true}]}}