{"id":23,"date":"2009-03-30T12:05:29","date_gmt":"2009-03-30T10:05:29","guid":{"rendered":"http:\/\/www.derkapi.de\/?page_id=23"},"modified":"2010-03-21T17:16:02","modified_gmt":"2010-03-21T15:16:02","slug":"teil3","status":"publish","type":"page","link":"https:\/\/www.derkapi.de\/?page_id=23","title":{"rendered":"Chaos &#8211; Teil3"},"content":{"rendered":"<p><b>     <br \/><\/b>Nach dem letzen Teil folgte nun etwas Malarbeit wie Ausbesserung einiger Stellen und die Bemalung weiterer Teile wie z. B. die Beinschilde \u00fcber dem Fu\u00df und am Oberschenkel. Und dann wollte ich nat\u00fcrlich mal sehen wie der Titan steht. \ud83d\ude42<\/p>\n<p><a href=\"http:\/\/derkapi.de\/pics\/Teil3_C428\/c20.jpg\"><img loading=\"lazy\" decoding=\"async\" style=\"border-right-width: 0px; border-top-width: 0px; border-bottom-width: 0px; border-left-width: 0px\" border=\"0\" alt=\"c20\" src=\"http:\/\/derkapi.de\/pics\/Teil3_C428\/c20_thumb.jpg\" width=\"404\" height=\"404\" \/><\/a>     <\/p>\n<p><a href=\"http:\/\/derkapi.de\/pics\/Teil3_C428\/c21.jpg\"><img loading=\"lazy\" decoding=\"async\" style=\"border-right-width: 0px; border-top-width: 0px; border-bottom-width: 0px; border-left-width: 0px\" border=\"0\" alt=\"c21\" src=\"http:\/\/derkapi.de\/pics\/Teil3_C428\/c21_thumb.jpg\" width=\"404\" height=\"434\" \/><\/a><\/p>\n<p>Am oberen Torso befanden sich 6 L\u00f6cher f\u00fcr mitgelieferte H\u00f6rner, die mir aber \u00fcberhaupt nicht gefielen. A waren sie zu lang und B flach statt rund wie die kleinen anderen. Also formte ich aus Modelliermasse eigene. Au\u00dferdem brachte ich auch ein weiteres im vorderen Bereich des Torsos an. Es ist zwar nicht ganz so h\u00fcbsch geworden, aber es sieht so aus, als br\u00e4che das Horn durch das Metall.    <\/p>\n<p><a href=\"http:\/\/derkapi.de\/pics\/Teil3_C428\/c22.jpg\"><img loading=\"lazy\" decoding=\"async\" style=\"border-right-width: 0px; border-top-width: 0px; border-bottom-width: 0px; border-left-width: 0px\" border=\"0\" alt=\"c22\" src=\"http:\/\/derkapi.de\/pics\/Teil3_C428\/c22_thumb.jpg\" width=\"404\" height=\"407\" \/><\/a>     <br \/><b>     <br \/>Ach, bevor ich es vergesse:<\/b> <u><b>Achtung UHU reagiert mit Resin!<\/b><\/u> Es weicht das Material auf, wie ich an den Luftfiltern am hinteren Teil de Torso merken musste. Also nicht f\u00fcr d\u00fcnne Teile an die auch keine Luft kommen kann nutzen!     <\/p>\n<p><a href=\"http:\/\/derkapi.de\/pics\/Teil3_C428\/c23.jpg\"><img loading=\"lazy\" decoding=\"async\" style=\"border-right-width: 0px; border-top-width: 0px; border-bottom-width: 0px; border-left-width: 0px\" border=\"0\" alt=\"c23\" src=\"http:\/\/derkapi.de\/pics\/Teil3_C428\/c23_thumb.jpg\" width=\"404\" height=\"342\" \/><\/a>     <\/p>\n<p>F\u00fcr den gro\u00dfen Torsoblock war das kein Problem, aber hier weichte es die Gitter der L\u00fcftung auf, wodurch sich das Material w\u00f6lbte. Ich korrigiert dies, in dem ich die Schlitze mit dem Cutter aufschnitt. So kommt Luft zum trocknen ran, Gase k\u00f6nnen abziehen und die W\u00f6lbung ist weg. <\/p>\n<p>In drei Stunden <i>24<\/i> bei dem es ja reicht, wenn man der Handlung akustisch folgt und ab und zu mal hinsieht (irgendwie f\u00e4llt den auch nix mehr ein), habe ich doch noch eine ganze Menge geschafft.     <\/p>\n<p>Waffen, Kopf und Torso sind jedenfalls schon fast komplett bemalt. Nat\u00fcrlich noch alles ohne Tiefen und Akzente. Die Fleisch-Stellen an den Waffen habe ich morgens noch schnell mit Rot-Ink bearbeitet (nicht in diesem Bild zu sehen).     <\/p>\n<p>Die Teile unten im Bild sind nur zusammengelegt, also noch nicht geklebt (dazu muss ich erst mal neuen Kleber kaufen), da es auch noch keinen Sinn diese jetzt schon zu kleben, so kann man viel besser bemalen.     <br \/><a href=\"http:\/\/derkapi.de\/pics\/Teil3_C428\/c19.jpg\"><img loading=\"lazy\" decoding=\"async\" style=\"border-right-width: 0px; border-top-width: 0px; border-bottom-width: 0px; border-left-width: 0px\" border=\"0\" alt=\"c19\" src=\"http:\/\/derkapi.de\/pics\/Teil3_C428\/c19_thumb.jpg\" width=\"404\" height=\"455\" \/><\/a><\/p>\n<p>Den Abschluss diese Teils bildete das Inken. Alles wurde mit&#160; Chaos Black Ink eingepinselt. Allerdings nutze ich das Ink hier nicht um es in die Tiefen laufen zu lassen, sondern zum F\u00e4rben. Dazu gibt man einfach etwas Sp\u00fclmittel in das Pinselwasser, welches dadurch die Spannung verliert und sich so leicht auftragen l\u00e4sst.    <\/p>\n<p>Dieser Arbeitsgang gibt dem Modell den Schmuddeleffekt, es sieht anschlie\u00dfend meistens sehr unsch\u00f6n aus, doch davon sollte man sich nicht beirren lassen.     <\/p>\n<p>Alle Teile sollten jetzt gen\u00fcgend Zeit zum trocknen bekommen, also ein guter Zeitpunkt f\u00fcr&#8230;<\/p>\n<p><a href=\"http:\/\/derkapi.de\/pics\/Teil3_C428\/c24.jpg\"><img loading=\"lazy\" decoding=\"async\" style=\"border-right-width: 0px; border-top-width: 0px; border-bottom-width: 0px; border-left-width: 0px\" border=\"0\" alt=\"c24\" src=\"http:\/\/derkapi.de\/pics\/Teil3_C428\/c24_thumb.jpg\" width=\"404\" height=\"332\" \/><\/a><\/p>\n<p><b>ENDE DES 3. TEILS<\/b><\/p>\n<p>&#160;<\/p>\n<p><strong><\/strong><\/p>\n<h2>Weitere Teile:<\/h2>\n<ul>\n<li><a href=\"https:\/\/www.derkapi.de\/?page_id=62\">Vorwort<\/a> <\/li>\n<li><a href=\"https:\/\/www.derkapi.de\/?page_id=21\">Teil1<\/a> <\/li>\n<li><a href=\"https:\/\/www.derkapi.de\/?page_id=22\">Teil2<\/a> <\/li>\n<li><strong>Teil3<\/strong> <\/li>\n<li><a href=\"https:\/\/www.derkapi.de\/?page_id=24\">Teil4<\/a> <\/li>\n<li><a href=\"https:\/\/www.derkapi.de\/?page_id=26\">Teil5<\/a> <\/li>\n<li><a href=\"https:\/\/www.derkapi.de\/?page_id=27\">Teil6<\/a> <\/li>\n<\/ul>\n","protected":false},"excerpt":{"rendered":"<p>Nach dem letzen Teil folgte nun etwas Malarbeit wie Ausbesserung einiger Stellen und die Bemalung weiterer Teile wie z. B. die Beinschilde \u00fcber dem Fu\u00df und am Oberschenkel. Und dann wollte ich nat\u00fcrlich mal sehen wie der Titan steht. \ud83d\ude42 Am oberen Torso befanden sich 6 L\u00f6cher f\u00fcr mitgelieferte H\u00f6rner, \u2026 <a class=\"continue-reading-link\" href=\"https:\/\/www.derkapi.de\/?page_id=23\">Mehr nach dem Klick <span class=\"meta-nav\">&rarr; <\/span><\/a><\/p>\n","protected":false},"author":2,"featured_media":0,"parent":62,"menu_order":3,"comment_status":"open","ping_status":"closed","template":"","meta":{"footnotes":""},"class_list":["post-23","page","type-page","status-publish","hentry"],"_links":{"self":[{"href":"https:\/\/www.derkapi.de\/index.php?rest_route=\/wp\/v2\/pages\/23","targetHints":{"allow":["GET"]}}],"collection":[{"href":"https:\/\/www.derkapi.de\/index.php?rest_route=\/wp\/v2\/pages"}],"about":[{"href":"https:\/\/www.derkapi.de\/index.php?rest_route=\/wp\/v2\/types\/page"}],"author":[{"embeddable":true,"href":"https:\/\/www.derkapi.de\/index.php?rest_route=\/wp\/v2\/users\/2"}],"replies":[{"embeddable":true,"href":"https:\/\/www.derkapi.de\/index.php?rest_route=%2Fwp%2Fv2%2Fcomments&post=23"}],"version-history":[{"count":4,"href":"https:\/\/www.derkapi.de\/index.php?rest_route=\/wp\/v2\/pages\/23\/revisions"}],"predecessor-version":[{"id":254,"href":"https:\/\/www.derkapi.de\/index.php?rest_route=\/wp\/v2\/pages\/23\/revisions\/254"}],"up":[{"embeddable":true,"href":"https:\/\/www.derkapi.de\/index.php?rest_route=\/wp\/v2\/pages\/62"}],"wp:attachment":[{"href":"https:\/\/www.derkapi.de\/index.php?rest_route=%2Fwp%2Fv2%2Fmedia&parent=23"}],"curies":[{"name":"wp","href":"https:\/\/api.w.org\/{rel}","templated":true}]}}