{"id":26,"date":"2009-03-30T12:07:06","date_gmt":"2009-03-30T10:07:06","guid":{"rendered":"http:\/\/www.derkapi.de\/?page_id=26"},"modified":"2010-03-21T17:18:33","modified_gmt":"2010-03-21T15:18:33","slug":"teil5","status":"publish","type":"page","link":"https:\/\/www.derkapi.de\/?page_id=26","title":{"rendered":"Chaos &#8211; Teil5"},"content":{"rendered":"<p><b>     <br \/><\/b>So langsam geht es an die Feinbemalung. Gestern Abend \u00fcberlegte ich mir, dass es <i>realistischer<\/i> w\u00e4re, wenn sich in den tiefen Stellen (z. B. \u00dcbergang der Goldkante zu restlichen Panzerung) Rost sammeln w\u00fcrde. Und ich glaube damit hatte ich Recht. Irgendwie wirkt es dadurch cooler.<\/p>\n<p><a href=\"http:\/\/derkapi.de\/pics\/Teil5_C801\/c31.jpg\"><img loading=\"lazy\" decoding=\"async\" style=\"border-right-width: 0px; border-top-width: 0px; border-bottom-width: 0px; border-left-width: 0px\" border=\"0\" alt=\"c31\" src=\"http:\/\/derkapi.de\/pics\/Teil5_C801\/c31_thumb.jpg\" width=\"404\" height=\"304\" \/><\/a><\/p>\n<p>Der Vorgang ist bei einem Modell dieser Gr\u00f6\u00dfenordnung recht Zeitaufwendig. Erst wurden alle entsprechenden Stellen mit verd\u00fcnntem <i>Skin Wash<\/i> bemalt und anschlie\u00dfen noch mal d\u00fcnn mit reinem <i>Skin Wash<\/i> um dickeren Rost in den tiefen Stellen darzustellen. Dann wurden die zu breiten Stellen mit Blau wieder etwas verkleinert und <i>gesch\u00f6nt<\/i>.<\/p>\n<p><a href=\"http:\/\/derkapi.de\/pics\/Teil5_C801\/c32.jpg\"><img loading=\"lazy\" decoding=\"async\" style=\"border-right-width: 0px; border-top-width: 0px; border-bottom-width: 0px; border-left-width: 0px\" border=\"0\" alt=\"c32\" src=\"http:\/\/derkapi.de\/pics\/Teil5_C801\/c32_thumb.jpg\" width=\"404\" height=\"537\" \/><\/a>     <\/p>\n<p><a href=\"http:\/\/derkapi.de\/pics\/Teil5_C801\/c33.jpg\"><img loading=\"lazy\" decoding=\"async\" style=\"border-right-width: 0px; border-top-width: 0px; border-bottom-width: 0px; border-left-width: 0px\" border=\"0\" alt=\"c33\" src=\"http:\/\/derkapi.de\/pics\/Teil5_C801\/c33_thumb.jpg\" width=\"404\" height=\"537\" \/><\/a><\/p>\n<p>Nun war es endlich Zeit die vorletzten Teile zu verkleben. Das Schild im Schritt und nat\u00fcrlich der Kopf.    <\/p>\n<p>Letzter bedarf nat\u00fcrlich noch einiger weitere Klebg\u00e4nge. Zum Einen fehlen noch die Energiekabel zwischen Kopf und Torso und zum Anderen muss <i>Mister Fl\u00fcssigkleber<\/i> noch ran. \ud83d\ude09     <\/p>\n<p>Damit ich diesen Text tippen kann, beauftragte ich wieder einen meiner Hilfsarbeiter (sie sind so flei\u00dfig die Kleinen) damit, den Kopf zu st\u00fctzen. <i>Was die letzte Klebestelle ist?<\/i> Na Torso und Beine zu verkleben, aber das kommt gaaanz zu Schluss.     <\/p>\n<p>Der Kopf darf jetzt erst einmal zwei, drei Stunden trockenen, dann kommt der Fl\u00fcssigkleber und morgen geht es dann weiter.     <br \/><b>     <br \/>F\u00fcr die Statistik:<\/b> Die n\u00e4chste Klebertube ist angebrochen, bis jetzt sind 1,5 Dosen Blau drauf gegangen und ich habe in der gesamten Zeit mindesten 20 Mal das Pinselwasser umgeschmissen.     <br \/><b>     <br \/>Gest\u00e4ndnis: <\/b><i>Ehrlich gesagt bin ich froh, wenn ich damit durch bin! A nervt mich die Unordnung in der K\u00fcche und B hab ich keine Lust mehr, das komplette Wochenende und unter der Woche morgens vor der Arbeit und abends nach der Arbeit zu malen! Sollte ich also noch mal ein Modell ab dieser Gr\u00f6\u00dfenordnung bemalen, dann mit Pausen! Wahrscheinlich werde ich nach diesem WE auch eine davon einlegen.<\/i><\/p>\n<p><a href=\"http:\/\/derkapi.de\/pics\/Teil5_C801\/c35.jpg\"><img loading=\"lazy\" decoding=\"async\" style=\"border-right-width: 0px; border-top-width: 0px; border-bottom-width: 0px; border-left-width: 0px\" border=\"0\" alt=\"c35\" src=\"http:\/\/derkapi.de\/pics\/Teil5_C801\/c35_thumb.jpg\" width=\"404\" height=\"304\" \/><\/a>     <br \/><a href=\"http:\/\/derkapi.de\/pics\/Teil5_C801\/c34.jpg\"><img loading=\"lazy\" decoding=\"async\" style=\"border-right-width: 0px; border-top-width: 0px; border-bottom-width: 0px; border-left-width: 0px\" border=\"0\" alt=\"c34\" src=\"http:\/\/derkapi.de\/pics\/Teil5_C801\/c34_thumb.jpg\" width=\"404\" height=\"304\" \/><\/a><\/p>\n<p><i>Mr. Fl\u00fcssigkleber<\/i> verrichtet seine Arbeit am Kopf, au\u00dferdem wurden die Energieleitungen geklebt.     <\/p>\n<p>Leider brach sp\u00e4ter wieder eine davon ab und ich musste mit Greenstuff selbst eine formen. \u00c4rgerlich, aber ich wusste ja vom ersten Titan, dass die sehr <i>sensibel<\/i> sind.<\/p>\n<p><a href=\"http:\/\/derkapi.de\/pics\/Teil5_C801\/c37.jpg\"><img loading=\"lazy\" decoding=\"async\" style=\"border-right-width: 0px; border-top-width: 0px; border-bottom-width: 0px; border-left-width: 0px\" border=\"0\" alt=\"c37\" src=\"http:\/\/derkapi.de\/pics\/Teil5_C801\/c37_thumb.jpg\" width=\"404\" height=\"372\" \/><\/a><\/p>\n<p><a href=\"http:\/\/derkapi.de\/pics\/Teil5_C801\/c38.jpg\"><img loading=\"lazy\" decoding=\"async\" style=\"border-right-width: 0px; border-top-width: 0px; border-bottom-width: 0px; border-left-width: 0px\" border=\"0\" alt=\"c38\" src=\"http:\/\/derkapi.de\/pics\/Teil5_C801\/c38_thumb.jpg\" width=\"404\" height=\"236\" \/><\/a><\/p>\n<p>Gegen Abend konnte ich es mir nat\u00fcrlich nicht verkneifen, die verfeindeten Br\u00fcder mal neben einander aufzubauen.    <br \/>Hier Posen die Beiden noch Mal in <a href=\"https:\/\/www.derkapi.de\/wh40k\/titanen\/gfx\/c39.jpg\" target=\"_blank\">GROSS<\/a>. In dem Bild sieht man auch die noch gr\u00fcne Energieleitung.     <\/p>\n<p>Was jetzt noch folgen wird sind die Base und hier und dort Ausbesserungen und das Anbringen einiger Bitz wie Ketten etc.. Allerdings werde ich mir daf\u00fcr etwas Zeit nehmen und wohl erst n\u00e4chstes WE fortfahren.     <br \/>Dies ist dann also das&#8230;<\/p>\n<p><b>ENDE DES 5. TEILS     <\/p>\n<p><\/b><\/p>\n<p>&#160;<\/p>\n<p><strong><\/strong><\/p>\n<p><strong><\/strong><\/p>\n<p><strong><\/strong><\/p>\n<h2>Weitere Teile:<\/h2>\n<ul>\n<li><a href=\"https:\/\/www.derkapi.de\/?page_id=62\">Vorwort<\/a> <\/li>\n<li><a href=\"https:\/\/www.derkapi.de\/?page_id=21\">Teil1<\/a> <\/li>\n<li><a href=\"https:\/\/www.derkapi.de\/?page_id=22\">Teil2<\/a> <\/li>\n<li><a href=\"https:\/\/www.derkapi.de\/?page_id=23\">Teil3<\/a> <\/li>\n<li><a href=\"https:\/\/www.derkapi.de\/?page_id=24\">Teil4<\/a> <\/li>\n<li><strong>Teil5<\/strong> <\/li>\n<li><a href=\"https:\/\/www.derkapi.de\/?page_id=27\">Teil6<\/a> <\/li>\n<\/ul>\n","protected":false},"excerpt":{"rendered":"<p>So langsam geht es an die Feinbemalung. Gestern Abend \u00fcberlegte ich mir, dass es realistischer w\u00e4re, wenn sich in den tiefen Stellen (z. B. \u00dcbergang der Goldkante zu restlichen Panzerung) Rost sammeln w\u00fcrde. Und ich glaube damit hatte ich Recht. Irgendwie wirkt es dadurch cooler. Der Vorgang ist bei einem \u2026 <a class=\"continue-reading-link\" href=\"https:\/\/www.derkapi.de\/?page_id=26\">Mehr nach dem Klick <span class=\"meta-nav\">&rarr; <\/span><\/a><\/p>\n","protected":false},"author":2,"featured_media":0,"parent":62,"menu_order":5,"comment_status":"open","ping_status":"closed","template":"","meta":{"footnotes":""},"class_list":["post-26","page","type-page","status-publish","hentry"],"_links":{"self":[{"href":"https:\/\/www.derkapi.de\/index.php?rest_route=\/wp\/v2\/pages\/26","targetHints":{"allow":["GET"]}}],"collection":[{"href":"https:\/\/www.derkapi.de\/index.php?rest_route=\/wp\/v2\/pages"}],"about":[{"href":"https:\/\/www.derkapi.de\/index.php?rest_route=\/wp\/v2\/types\/page"}],"author":[{"embeddable":true,"href":"https:\/\/www.derkapi.de\/index.php?rest_route=\/wp\/v2\/users\/2"}],"replies":[{"embeddable":true,"href":"https:\/\/www.derkapi.de\/index.php?rest_route=%2Fwp%2Fv2%2Fcomments&post=26"}],"version-history":[{"count":3,"href":"https:\/\/www.derkapi.de\/index.php?rest_route=\/wp\/v2\/pages\/26\/revisions"}],"predecessor-version":[{"id":258,"href":"https:\/\/www.derkapi.de\/index.php?rest_route=\/wp\/v2\/pages\/26\/revisions\/258"}],"up":[{"embeddable":true,"href":"https:\/\/www.derkapi.de\/index.php?rest_route=\/wp\/v2\/pages\/62"}],"wp:attachment":[{"href":"https:\/\/www.derkapi.de\/index.php?rest_route=%2Fwp%2Fv2%2Fmedia&parent=26"}],"curies":[{"name":"wp","href":"https:\/\/api.w.org\/{rel}","templated":true}]}}