{"id":261,"date":"2010-03-21T17:26:37","date_gmt":"2010-03-21T15:26:37","guid":{"rendered":"http:\/\/www.derkapi.de\/?page_id=261"},"modified":"2015-11-01T16:46:35","modified_gmt":"2015-11-01T14:46:35","slug":"ia-reaver-titan","status":"publish","type":"page","link":"https:\/\/www.derkapi.de\/?page_id=261","title":{"rendered":"IA- Reaver Titan"},"content":{"rendered":"<p><strong>17.03.2010<\/strong><\/p>\n<p>Es war nur eine Frage der Zeit (ok, des Geldes <em>nat\u00fcrlich<\/em> auch) bis es mich \u00fcbermannen w\u00fcrde!<br \/>\nBeim Erscheinen war ich eigentlich nicht so \u00fcberzeugt von den Modellen (mir gefiel das Lucius Pattern irgendwie besser), aber nach und nach (wenn man ihn dann einmal umringt von all den anderen Modellen im WD sieht) h\u00f6rte ich wieder diese vertrauten Stimmen (wie schon bei ihren kleinen Br\u00fcdern zuvor), die sprachen:<em> \u201cKauf mich!\u201d <\/em><\/p>\n<p>Wie man unschwer schon am Titel sieht, es geht um den<strong> Reaver Titan<\/strong>.<br \/>\nNicht, dass ich nix zu tun h\u00e4tte, wenn ich da so an die Forge World-Modelle der Orks und IA im Schrank denken oder aber an die vielen, vielen Standard-GW-Modelle die noch ihrer Bemalung entgegen fiebern \u2013 aber wenn, es dich packt, dann packt es dich!<br \/>\nAuch wenn ich genau wei\u00df, was da wieder an duzenden von Teilen und Arbeit auf mich zukommt.<\/p>\n<p>Bei den Waffen (jetzt kann man ja w\u00e4hlen, bei den Kleinen war dem noch nicht so) war eigentlich klar was ich haben m\u00f6chte. Den Gatlingblaster, die Multilaserkanone(Laserblaster) und nat\u00fcrlich oben drauf den Raketenwerfer. Die Hand oder der Melter sahen bei IA-Titan nicht so sch\u00f6n aus, mal <em>gaaanz<\/em> abgesehen von den Werten, sind Gatling und Lasterblaster einfach nur cool!<\/p>\n<p>Das Farbproblem der vorherigen Titanen w\u00fcrde dieses Mal ja wegfallen, der Gro\u00dfe bekommt das gleiche Gr\u00fcn wie der Kleine. Bei den goldenen Kanten bin ich mir noch nicht ganz sicher wie das wirkt (vielleicht wird es auch Silber?).<\/p>\n<p>\u00dcber die Beinstellung mache ich mir erst Gedanken, wenn ich soweit bin. Schlie\u00dflich ist der ja gestern erst bestellt worden und darum heute noch gar nicht hier (<em>\u00e4hm<\/em> \u2026 coole Logik).<\/p>\n<p><strong>18.03.2010<br \/>\n<\/strong><br \/>\nMitten im Telefonat klingelte heute der UPS-Bote und dr\u00fcckte mir ein gro\u00dfes Paket in die Hand &#8211;\u00a0 was das wohl sein k\u00f6nnte? \ud83d\ude42<br \/>\nZum Gl\u00fcck verf\u00fcge ich ja \u00fcber eine eisernen Willenskraft und kann ohne Einschr\u00e4nkungen bis 18 Uhr weiter arbeiten. Aber DANN!!! DANN!!! Auf Vollst\u00e4ndigkeit werde ich heute auf jeden Fall pr\u00fcfen und m\u00f6glicherweise schon einige Teile abwaschen mehr aber nicht. Das Wochenende ist somit schon mal verplant \ud83d\ude42<\/p>\n<p><a href=\"http:\/\/derkapi.de\/pics\/IAReaverTitan_B8ED\/r1.jpg\"><img loading=\"lazy\" decoding=\"async\" style=\"display: inline; border: 0pt none;\" title=\"r1\" src=\"http:\/\/derkapi.de\/pics\/IAReaverTitan_B8ED\/r1_thumb.jpg\" alt=\"r1\" width=\"554\" height=\"416\" border=\"0\" \/><\/a><\/p>\n<p>So, Vollz\u00e4hligkeit festgestellt. Hier ein paar Bilder der Waffen:<br \/>\n<a href=\"http:\/\/derkapi.de\/pics\/IAReaverTitan_B8ED\/gatlingbaster.jpg\"><img loading=\"lazy\" decoding=\"async\" style=\"display: inline; border: 0pt none;\" title=\"gatlingbaster\" src=\"http:\/\/derkapi.de\/pics\/IAReaverTitan_B8ED\/gatlingbaster_thumb.jpg\" alt=\"gatlingbaster\" width=\"554\" height=\"681\" border=\"0\" \/><\/a><br \/>\nGatlingblaster<\/p>\n<p><a href=\"http:\/\/derkapi.de\/pics\/IAReaverTitan_B8ED\/laserbaster.jpg\"><img loading=\"lazy\" decoding=\"async\" style=\"display: inline; border: 0pt none;\" title=\"laserbaster\" src=\"http:\/\/derkapi.de\/pics\/IAReaverTitan_B8ED\/laserbaster_thumb.jpg\" alt=\"laserbaster\" width=\"554\" height=\"451\" border=\"0\" \/><\/a><br \/>\nLaserblaster<\/p>\n<p><a href=\"http:\/\/derkapi.de\/pics\/IAReaverTitan_B8ED\/misslelauncher.jpg\"><img loading=\"lazy\" decoding=\"async\" style=\"display: inline; border: 0pt none;\" title=\"misslelauncher\" src=\"http:\/\/derkapi.de\/pics\/IAReaverTitan_B8ED\/misslelauncher_thumb.jpg\" alt=\"misslelauncher\" width=\"554\" height=\"490\" border=\"0\" \/><\/a><br \/>\nApocalypse Missile Launcher<\/p>\n<p>Und hier jede Menge Kleinteile und nat\u00fcrlich meine <em>lieben<\/em> kleinen <em>Pistons<\/em>.<\/p>\n<p><a href=\"http:\/\/derkapi.de\/pics\/IAReaverTitan_B8ED\/fuss.jpg\"><img loading=\"lazy\" decoding=\"async\" style=\"display: inline; border: 0pt none;\" title=\"fuss\" src=\"http:\/\/derkapi.de\/pics\/IAReaverTitan_B8ED\/fuss_thumb.jpg\" alt=\"fuss\" width=\"554\" height=\"451\" border=\"0\" \/><\/a><br \/>\nDas ist eines der Beine!<\/p>\n<h2>Weitere Teile:<\/h2>\n<ul>\n<li><strong>Vorwort<\/strong><\/li>\n<li><a href=\"https:\/\/www.derkapi.de\/?page_id=262\">Teil1<\/a><\/li>\n<li><a href=\"https:\/\/www.derkapi.de\/?page_id=271\">Teil2<\/a><\/li>\n<li><a href=\"https:\/\/www.derkapi.de\/?page_id=288\">Teil3<\/a><\/li>\n<li><a href=\"https:\/\/www.derkapi.de\/?page_id=293\">Teil4<\/a><\/li>\n<\/ul>\n","protected":false},"excerpt":{"rendered":"<p>17.03.2010 Es war nur eine Frage der Zeit (ok, des Geldes nat\u00fcrlich auch) bis es mich \u00fcbermannen w\u00fcrde! Beim Erscheinen war ich eigentlich nicht so \u00fcberzeugt von den Modellen (mir gefiel das Lucius Pattern irgendwie besser), aber nach und nach (wenn man ihn dann einmal umringt von all den anderen \u2026 <a class=\"continue-reading-link\" href=\"https:\/\/www.derkapi.de\/?page_id=261\">Mehr nach dem Klick <span class=\"meta-nav\">&rarr; <\/span><\/a><\/p>\n","protected":false},"author":2,"featured_media":0,"parent":63,"menu_order":2,"comment_status":"closed","ping_status":"closed","template":"","meta":{"footnotes":""},"class_list":["post-261","page","type-page","status-publish","hentry"],"_links":{"self":[{"href":"https:\/\/www.derkapi.de\/index.php?rest_route=\/wp\/v2\/pages\/261","targetHints":{"allow":["GET"]}}],"collection":[{"href":"https:\/\/www.derkapi.de\/index.php?rest_route=\/wp\/v2\/pages"}],"about":[{"href":"https:\/\/www.derkapi.de\/index.php?rest_route=\/wp\/v2\/types\/page"}],"author":[{"embeddable":true,"href":"https:\/\/www.derkapi.de\/index.php?rest_route=\/wp\/v2\/users\/2"}],"replies":[{"embeddable":true,"href":"https:\/\/www.derkapi.de\/index.php?rest_route=%2Fwp%2Fv2%2Fcomments&post=261"}],"version-history":[{"count":14,"href":"https:\/\/www.derkapi.de\/index.php?rest_route=\/wp\/v2\/pages\/261\/revisions"}],"predecessor-version":[{"id":1341,"href":"https:\/\/www.derkapi.de\/index.php?rest_route=\/wp\/v2\/pages\/261\/revisions\/1341"}],"up":[{"embeddable":true,"href":"https:\/\/www.derkapi.de\/index.php?rest_route=\/wp\/v2\/pages\/63"}],"wp:attachment":[{"href":"https:\/\/www.derkapi.de\/index.php?rest_route=%2Fwp%2Fv2%2Fmedia&parent=261"}],"curies":[{"name":"wp","href":"https:\/\/api.w.org\/{rel}","templated":true}]}}