{"id":262,"date":"2010-03-21T17:27:14","date_gmt":"2010-03-21T15:27:14","guid":{"rendered":"http:\/\/www.derkapi.de\/?page_id=262"},"modified":"2014-10-29T13:54:50","modified_gmt":"2014-10-29T11:54:50","slug":"ia-reaver-teil-1","status":"publish","type":"page","link":"https:\/\/www.derkapi.de\/?page_id=262","title":{"rendered":"IA-Reaver-Teil 1"},"content":{"rendered":"<p><strong>20.03.2010<\/strong><\/p>\n<p>Wie immer ging es mit den Beinen und der Grobbemalung los.<\/p>\n<p><strong>Grobbemalung:<\/strong> <em>Alle Teile werden grob bemalt, da beim Zusammenbau und Anfassen immer wieder Farbe abbl\u00e4ttern oder zerkratzen kann. Es schlicht also keinen Sinn macht, zu viel Arbeit reinzustecken. Desweiteren werden einige Stellen sp\u00e4ter gar nicht voll zu sehen sein.<br \/>\n<\/em><br \/>\nDie Farbkombi Catachan Green und Gold wirkten dann doch besser als ich gedacht hatte.<\/p>\n<p><a href=\"http:\/\/derkapi.de\/pics\/IAReaverTeil1_DC12\/tag1a.jpg\"><img loading=\"lazy\" decoding=\"async\" style=\"display: inline; border: 0pt none;\" title=\"tag1a\" src=\"http:\/\/derkapi.de\/pics\/IAReaverTeil1_DC12\/tag1a_thumb.jpg\" alt=\"tag1a\" width=\"554\" height=\"341\" border=\"0\" \/><\/a><\/p>\n<p>Oben rechts sieht man \u00fcbrigends meine Lieblingsteile: <em>Pistons<\/em>.<\/p>\n<p><a href=\"http:\/\/derkapi.de\/pics\/IAReaverTeil1_DC12\/tag1b.jpg\"><img loading=\"lazy\" decoding=\"async\" style=\"display: inline; border-width: 0px;\" title=\"tag1b\" src=\"http:\/\/derkapi.de\/pics\/IAReaverTeil1_DC12\/tag1b_thumb.jpg\" alt=\"tag1b\" width=\"554\" height=\"612\" border=\"0\" \/><\/a><br \/>\nRecht unspektakul\u00e4r wurde alles Gold, Gr\u00fcn oder Silber bemalt. Da Gold ja nicht so gut deckt, hat diese Farbe die meiste Zeit der insgesamt vier Stunden verbraucht. Aber am Ende war ich mit den Beinen soweit durch.<\/p>\n<p><strong>21.03.2010<br \/>\n<\/strong><a href=\"http:\/\/derkapi.de\/pics\/IAReaverTeil1_DC12\/tag2.jpg\"><img loading=\"lazy\" decoding=\"async\" style=\"display: inline; border-width: 0px;\" title=\"tag2\" src=\"http:\/\/derkapi.de\/pics\/IAReaverTeil1_DC12\/tag2_thumb.jpg\" alt=\"tag2\" width=\"554\" height=\"737\" border=\"0\" \/><\/a><\/p>\n<p>Dieser Tag ging haupts\u00e4chlich mit Bohren, Stiften und Kleben drauf. F\u00fc\u00dfe, Schienenbeine, Oberschenkel und H\u00fcfte sind bereits verbunden und kleben nun vor sich hin (das Ganze verbrauchte 3 * 3g Gelkleber). Die Zehen und der Schritt sind noch lose.<\/p>\n<p>Die Knie wurde jeweils zwei Mal gestiftet, das H\u00fcftgelenk einmal und der linke Fu\u00df. Der Rechte hat bis jetzt keinen Stift, da ich die maximale Flexibilit\u00e4t f\u00fcr die Positionierung ben\u00f6tigte. Ist alles ausgeh\u00e4rtet, bekomme der Rechte Fu\u00df auch noch einen Stift, dieses Mal aber direkt durch die Fu\u00dfsohle. Die restliche Zeit besserte ich einige Gold-Stellen aus.<\/p>\n<p>Der n\u00e4chste Arbeitsschrit wird dann sein, die <em>Piston-Guards<\/em> (vorn im Bild), Zehen und Leg-Armour-Platten anzubringen, sowie H\u00fcfte und Beine komplett zu verbinden.<\/p>\n<p>24.03.2010<br \/>\n<a href=\"http:\/\/derkapi.de\/pics\/IAReaverTeil1_DC12\/tag3a.jpg\"><img loading=\"lazy\" decoding=\"async\" style=\"display: inline; border-width: 0px;\" title=\"tag3a\" src=\"http:\/\/derkapi.de\/pics\/IAReaverTeil1_DC12\/tag3a_thumb.jpg\" alt=\"tag3a\" width=\"554\" height=\"543\" border=\"0\" \/><\/a><br \/>\nDie Piston-Guards\u00a0 sind jetzt mit den Beinen verbunden, die Zehen noch lose.<br \/>\nH\u00fcfte und Beine wurden mit einem langen Nagel, der beide Beine durch die H\u00fcfte verbindet gestiftet und verklebt. Gro\u00df beachten muss man bis jetzt eigentlich nichts, sondern kann der mitgelieferten Anleitung Schritt f\u00fcr Schritt nachgehen. Bis jetzt ist alles noch <em>grobbemalt<\/em>.<\/p>\n<p><a href=\"http:\/\/derkapi.de\/pics\/IAReaverTeil1_DC12\/tag3b.jpg\"><img loading=\"lazy\" decoding=\"async\" style=\"display: inline; border-width: 0px;\" title=\"tag3b\" src=\"http:\/\/derkapi.de\/pics\/IAReaverTeil1_DC12\/tag3b_thumb.jpg\" alt=\"tag3b\" width=\"554\" height=\"552\" border=\"0\" \/><\/a><br \/>\nBeim Verbinden von Zehen, <em>Toe-Pistons<\/em> und <em>Piston-Guards<\/em> kommt es ein bissel zur <em>Friemelarbeit, <\/em>dass \u00fcbliche anpassen auf L\u00e4nge schneiden und zusammenf\u00fcgen h\u00e4lt auf. Gleiches gilt f\u00fcr die <em>Leg Cabling<\/em>-Teile zwischen den Beinen. Anschlie\u00dfend begann ich mit der Feinbemalung, besserte Stellen aus, feilte Klebereste weg und setzte dezent <em>Badab Black<\/em> f\u00fcr die Tiefen ein. Zum Schluss wurden die Zehen Schlammverdreckt.<\/p>\n<p><a href=\"http:\/\/derkapi.de\/pics\/IAReaverTeil1_DC12\/tag3c.jpg\"><img loading=\"lazy\" decoding=\"async\" style=\"display: inline; border-width: 0px;\" title=\"tag3c\" src=\"http:\/\/derkapi.de\/pics\/IAReaverTeil1_DC12\/tag3c_thumb.jpg\" alt=\"tag3c\" width=\"554\" height=\"375\" border=\"0\" \/><\/a><br \/>\nHier mal ein kleiner Gr\u00f6\u00dfenvergleich. \ud83d\ude42<\/p>\n<h4>Ende Teil1<\/h4>\n<h2>Weitere Teile:<\/h2>\n<ul>\n<li><a href=\"https:\/\/www.derkapi.de\/?page_id=261\">Vorwort<\/a><\/li>\n<li><strong>Teil1<\/strong><\/li>\n<li><a href=\"https:\/\/www.derkapi.de\/?page_id=271\">Teil2<\/a><\/li>\n<li><a href=\"https:\/\/www.derkapi.de\/?page_id=288\">Teil3<\/a><\/li>\n<li><a href=\"https:\/\/www.derkapi.de\/?page_id=293\">Teil4<\/a><\/li>\n<\/ul>\n","protected":false},"excerpt":{"rendered":"<p>20.03.2010 Wie immer ging es mit den Beinen und der Grobbemalung los. Grobbemalung: Alle Teile werden grob bemalt, da beim Zusammenbau und Anfassen immer wieder Farbe abbl\u00e4ttern oder zerkratzen kann. Es schlicht also keinen Sinn macht, zu viel Arbeit reinzustecken. Desweiteren werden einige Stellen sp\u00e4ter gar nicht voll zu sehen \u2026 <a class=\"continue-reading-link\" href=\"https:\/\/www.derkapi.de\/?page_id=262\">Mehr nach dem Klick <span class=\"meta-nav\">&rarr; <\/span><\/a><\/p>\n","protected":false},"author":2,"featured_media":0,"parent":261,"menu_order":1,"comment_status":"open","ping_status":"closed","template":"","meta":{"footnotes":""},"class_list":["post-262","page","type-page","status-publish","hentry"],"_links":{"self":[{"href":"https:\/\/www.derkapi.de\/index.php?rest_route=\/wp\/v2\/pages\/262","targetHints":{"allow":["GET"]}}],"collection":[{"href":"https:\/\/www.derkapi.de\/index.php?rest_route=\/wp\/v2\/pages"}],"about":[{"href":"https:\/\/www.derkapi.de\/index.php?rest_route=\/wp\/v2\/types\/page"}],"author":[{"embeddable":true,"href":"https:\/\/www.derkapi.de\/index.php?rest_route=\/wp\/v2\/users\/2"}],"replies":[{"embeddable":true,"href":"https:\/\/www.derkapi.de\/index.php?rest_route=%2Fwp%2Fv2%2Fcomments&post=262"}],"version-history":[{"count":12,"href":"https:\/\/www.derkapi.de\/index.php?rest_route=\/wp\/v2\/pages\/262\/revisions"}],"predecessor-version":[{"id":1432,"href":"https:\/\/www.derkapi.de\/index.php?rest_route=\/wp\/v2\/pages\/262\/revisions\/1432"}],"up":[{"embeddable":true,"href":"https:\/\/www.derkapi.de\/index.php?rest_route=\/wp\/v2\/pages\/261"}],"wp:attachment":[{"href":"https:\/\/www.derkapi.de\/index.php?rest_route=%2Fwp%2Fv2%2Fmedia&parent=262"}],"curies":[{"name":"wp","href":"https:\/\/api.w.org\/{rel}","templated":true}]}}