{"id":27,"date":"2009-03-30T12:08:12","date_gmt":"2009-03-30T10:08:12","guid":{"rendered":"http:\/\/www.derkapi.de\/?page_id=27"},"modified":"2011-09-20T16:01:42","modified_gmt":"2011-09-20T14:01:42","slug":"teil6","status":"publish","type":"page","link":"https:\/\/www.derkapi.de\/?page_id=27","title":{"rendered":"Chaos &#8211; Teil6"},"content":{"rendered":"<p><strong>30.03.2009      <br \/><\/strong>    <br \/>Das wird die Base<\/p>\n<p><a href=\"http:\/\/derkapi.de\/pics\/ChaosTeil6_E3F9\/c36.jpg\"><img loading=\"lazy\" decoding=\"async\" style=\"border-bottom: 0px; border-left: 0px; display: inline; border-top: 0px; border-right: 0px\" title=\"c36\" border=\"0\" alt=\"c36\" src=\"http:\/\/derkapi.de\/pics\/ChaosTeil6_E3F9\/c36_thumb.jpg\" width=\"554\" height=\"416\" \/><\/a> <\/p>\n<p>Die Steine wurden mit Grau von dunkel nach hell trocken geb\u00fcrstet (die Ruine steht noch aus), anschlie\u00dfend wurde Rasenstreu aufgetragen, mit Tapetenkleister als Untergrund. Selbiger muss allerdings erst einmal trockenen, bevor es hinterher weitergehen kann.    <\/p>\n<p><a href=\"http:\/\/derkapi.de\/pics\/ChaosTeil6_E3F9\/c40.jpg\"><img loading=\"lazy\" decoding=\"async\" style=\"border-bottom: 0px; border-left: 0px; display: inline; border-top: 0px; border-right: 0px\" title=\"c40\" border=\"0\" alt=\"c40\" src=\"http:\/\/derkapi.de\/pics\/ChaosTeil6_E3F9\/c40_thumb.jpg\" width=\"554\" height=\"483\" \/><\/a> <\/p>\n<p>Nachdem die Base soweit fertig war, klebe ich die Beine an um den Schutt (vorn) und die Erde (hinten) dichter an die Zehen zu bringen, schlie\u00dflich sollte es so aussehen, als wenn der Titan mit seinen 400 Tonne alles unter sich zermahlt (da bleiben die Steine nat\u00fcrlich auch nicht ganz (<a href=\"http:\/\/derkapi.de\/pics\/Teil6_C894\/c45.jpg\">siehe hier<\/a> und <a href=\"http:\/\/derkapi.de\/pics\/Teil6_C894\/c46.jpg\">hier<\/a>)).     <\/p>\n<p>Anschlie\u00dfend wurden die Zehen mit der jeweils passenden Farbe (braun\/hellgrau) leicht <i>trocken geb\u00fcrstet<\/i>.     <\/p>\n<p>Nach etlichen Ausbesserungen und Erg\u00e4nzungen am Torso war es endlich soweit, er konnte mit dem Kopf verklebt werden.&#160; Auch hier gab es wieder mehre Klebeg\u00e4nge, bei denen im ersten Gang eine komplette! Tube Gel-Kleber drauf ging. Ich lie\u00df den Titan \u00fcbernacht trocknen und setze den Klebevorgang am n\u00e4chsten Morgen fort.<\/p>\n<p><a href=\"http:\/\/derkapi.de\/pics\/ChaosTeil6_E3F9\/c41.jpg\"><img loading=\"lazy\" decoding=\"async\" style=\"border-bottom: 0px; border-left: 0px; display: inline; border-top: 0px; border-right: 0px\" title=\"c41\" border=\"0\" alt=\"c41\" src=\"http:\/\/derkapi.de\/pics\/ChaosTeil6_E3F9\/c41_thumb.jpg\" width=\"554\" height=\"462\" \/><\/a> <\/p>\n<p><a href=\"http:\/\/derkapi.de\/pics\/ChaosTeil6_E3F9\/c42.jpg\"><img loading=\"lazy\" decoding=\"async\" style=\"border-bottom: 0px; border-left: 0px; display: inline; border-top: 0px; border-right: 0px\" title=\"c42\" border=\"0\" alt=\"c42\" src=\"http:\/\/derkapi.de\/pics\/ChaosTeil6_E3F9\/c42_thumb.jpg\" width=\"554\" height=\"375\" \/><\/a> <\/p>\n<p>F\u00fcr die Mitte der Base hatte ich, wie am Anfang schon vorsichtig erw\u00e4hnt, einige besondere Ideen.    <\/p>\n<p>Und zwar sollte so aussehen, als ob die Anwesenheit der Titans daf\u00fcr sorgte, dass die Realit\u00e4t zerrei\u00dft und D\u00e4monen sich den Weg durch weiches Fleisch in den Realraum bahnen.     <\/p>\n<p>Und wer k\u00f6nnte daf\u00fcr besser herhalten als der 0815-Infantrist der imperialen Armee?     <\/p>\n<p>Ich begann damit, die Arme anzuschneiden, um sie sp\u00e4ter weit abgewinkelt anbringen zu k\u00f6nnen. Weiterhin schnitt ich am Kopf und Torso rum, damit ich den Soldat2 (rechts) so zusammenkleben konnte, als w\u00fcrde er den Kopf hochrei\u00dfen und sein R\u00fcckgrat durchdr\u00fccken (sozusagen mitten im Lauf erwischt (arme Sau!).<\/p>\n<p>Soldat1 (links) w\u00fcrde vorn stehen und die grinsten Anzeichen ausweisen. Es sollte so aussehen als w\u00fcrde in der Schmerz auch direkt in der Bewegung erwischen. Durch die heftige Bewegung f\u00e4llt im der Helm (hinten) vom Kopf und er l\u00e4sst sein Gewehr fallen (kommt sp\u00e4ter).    <br \/><a href=\"http:\/\/derkapi.de\/pics\/ChaosTeil6_E3F9\/c43.jpg\"><img loading=\"lazy\" decoding=\"async\" style=\"border-bottom: 0px; border-left: 0px; display: inline; border-top: 0px; border-right: 0px\" title=\"c43\" border=\"0\" alt=\"c43\" src=\"http:\/\/derkapi.de\/pics\/ChaosTeil6_E3F9\/c43_thumb.jpg\" width=\"554\" height=\"416\" \/><\/a> <\/p>\n<p>Der Soldat2 (jetzt links) sollte sp\u00e4ter weiter hinten stehen und ihn hat es bereits voll erwischt. Tentakeln brechen aus seinem Torso und dem Arm hervor und sein rechtes Bein ist ebenfalls zu einer Tentakel transformiert.&#160; Also richtig sch\u00f6n b\u00f6se und eklig halt.    <\/p>\n<p>Ich, krank &#8211; n\u00f6 jeder hat halt so seine Hobby \ud83d\ude09     <br \/><a href=\"http:\/\/derkapi.de\/pics\/ChaosTeil6_E3F9\/c44.jpg\"><img loading=\"lazy\" decoding=\"async\" style=\"border-bottom: 0px; border-left: 0px; display: inline; border-top: 0px; border-right: 0px\" title=\"c44\" border=\"0\" alt=\"c44\" src=\"http:\/\/derkapi.de\/pics\/ChaosTeil6_E3F9\/c44_thumb.jpg\" width=\"554\" height=\"366\" \/><\/a> <\/p>\n<p>Da <i>Green Stuff<\/i> etwas zum h\u00e4rten braucht, widmete ich meine Aufmerksamkeit wieder Mr. Titan und da das Wetter daf\u00fcr genau richtig ist (sonnig, warm und windstill), nahm ich ihn mit auf den Balkon und er bekam seine erste Schicht Lack     <br \/>&#8211; Hurra.     <\/p>\n<p><a href=\"http:\/\/derkapi.de\/pics\/ChaosTeil6_E3F9\/c47.jpg\"><img loading=\"lazy\" decoding=\"async\" style=\"border-bottom: 0px; border-left: 0px; display: inline; border-top: 0px; border-right: 0px\" title=\"c47\" border=\"0\" alt=\"c47\" src=\"http:\/\/derkapi.de\/pics\/ChaosTeil6_E3F9\/c47_thumb.jpg\" width=\"554\" height=\"444\" \/><\/a> <\/p>\n<p>Bei dem hellen Licht kann man nat\u00fcrlich wundersch\u00f6ne Gro\u00dfaufnahmen machen. Also Bitte sch\u00f6n:    <br \/><a href=\"http:\/\/derkapi.de\/pics\/ChaosTeil6_E3F9\/c48.jpg\"><img loading=\"lazy\" decoding=\"async\" style=\"border-bottom: 0px; border-left: 0px; display: inline; border-top: 0px; border-right: 0px\" title=\"c48\" border=\"0\" alt=\"c48\" src=\"http:\/\/derkapi.de\/pics\/ChaosTeil6_E3F9\/c48_thumb.jpg\" width=\"554\" height=\"651\" \/><\/a>     <br \/>Soviel zum Thema <b>Matt<\/b>lack! Wenn Matt drauf steht, sollte man denken\u2026 war wohl nix.<\/p>\n<p><a href=\"http:\/\/derkapi.de\/pics\/ChaosTeil6_E3F9\/c49.jpg\"><img loading=\"lazy\" decoding=\"async\" style=\"border-bottom: 0px; border-left: 0px; display: inline; border-top: 0px; border-right: 0px\" title=\"c49\" border=\"0\" alt=\"c49\" src=\"http:\/\/derkapi.de\/pics\/ChaosTeil6_E3F9\/c49_thumb.jpg\" width=\"554\" height=\"648\" \/><\/a> <\/p>\n<p>Nach ein paar Wochen Auszeit, wurde die Base noch etwas verfeinert. Zum Einen mit den oben gezeigten Opfern und zum Anderen mit ein paar Str\u00e4uchern aus dem Eisenbahnladen.    <\/p>\n<p><a href=\"http:\/\/derkapi.de\/pics\/ChaosTeil6_E3F9\/c50.jpg\"><img loading=\"lazy\" decoding=\"async\" style=\"border-bottom: 0px; border-left: 0px; display: inline; border-top: 0px; border-right: 0px\" title=\"c50\" border=\"0\" alt=\"c50\" src=\"http:\/\/derkapi.de\/pics\/ChaosTeil6_E3F9\/c50_thumb.jpg\" width=\"554\" height=\"371\" \/><\/a> <\/p>\n<p>Das Glanz-Problem habe ich anschlie\u00dfend mit einer einzelnen Schicht <i>Matt Varnish<\/i> behoben.     <\/p>\n<p>Die Base sieht mir immer noch etwas zu leer aus, aber mit diesem Bild schlie\u00dfe ich den 6. und letzten Teil.     <br \/><a href=\"http:\/\/derkapi.de\/pics\/ChaosTeil6_E3F9\/c51.jpg\"><img loading=\"lazy\" decoding=\"async\" style=\"border-bottom: 0px; border-left: 0px; display: inline; border-top: 0px; border-right: 0px\" title=\"c51\" border=\"0\" alt=\"c51\" src=\"http:\/\/derkapi.de\/pics\/ChaosTeil6_E3F9\/c51_thumb.jpg\" width=\"554\" height=\"615\" \/><\/a> <\/p>\n<p><b>ENDE DES 6. TEILS      <br \/><\/b><\/p>\n<p><strong><\/strong><\/p>\n<p><strong><\/strong><\/p>\n<p><strong><\/strong><\/p>\n<h2>Weitere Teile:<\/h2>\n<ul>\n<li><a href=\"https:\/\/www.derkapi.de\/?page_id=62\">Vorwort<\/a> <\/li>\n<li><a href=\"https:\/\/www.derkapi.de\/?page_id=21\">Teil1<\/a> <\/li>\n<li><a href=\"https:\/\/www.derkapi.de\/?page_id=22\">Teil2<\/a> <\/li>\n<li><a href=\"https:\/\/www.derkapi.de\/?page_id=23\">Teil3<\/a> <\/li>\n<li><a href=\"https:\/\/www.derkapi.de\/?page_id=24\">Teil4<\/a> <\/li>\n<li><a href=\"https:\/\/www.derkapi.de\/?page_id=26\">Teil5<\/a> <\/li>\n<li><strong>Teil6<\/strong> <\/li>\n<\/ul>\n","protected":false},"excerpt":{"rendered":"<p>30.03.2009 Das wird die Base Die Steine wurden mit Grau von dunkel nach hell trocken geb\u00fcrstet (die Ruine steht noch aus), anschlie\u00dfend wurde Rasenstreu aufgetragen, mit Tapetenkleister als Untergrund. Selbiger muss allerdings erst einmal trockenen, bevor es hinterher weitergehen kann. Nachdem die Base soweit fertig war, klebe ich die Beine \u2026 <a class=\"continue-reading-link\" href=\"https:\/\/www.derkapi.de\/?page_id=27\">Mehr nach dem Klick <span class=\"meta-nav\">&rarr; <\/span><\/a><\/p>\n","protected":false},"author":2,"featured_media":0,"parent":62,"menu_order":6,"comment_status":"open","ping_status":"closed","template":"","meta":{"footnotes":""},"class_list":["post-27","page","type-page","status-publish","hentry"],"_links":{"self":[{"href":"https:\/\/www.derkapi.de\/index.php?rest_route=\/wp\/v2\/pages\/27","targetHints":{"allow":["GET"]}}],"collection":[{"href":"https:\/\/www.derkapi.de\/index.php?rest_route=\/wp\/v2\/pages"}],"about":[{"href":"https:\/\/www.derkapi.de\/index.php?rest_route=\/wp\/v2\/types\/page"}],"author":[{"embeddable":true,"href":"https:\/\/www.derkapi.de\/index.php?rest_route=\/wp\/v2\/users\/2"}],"replies":[{"embeddable":true,"href":"https:\/\/www.derkapi.de\/index.php?rest_route=%2Fwp%2Fv2%2Fcomments&post=27"}],"version-history":[{"count":12,"href":"https:\/\/www.derkapi.de\/index.php?rest_route=\/wp\/v2\/pages\/27\/revisions"}],"predecessor-version":[{"id":499,"href":"https:\/\/www.derkapi.de\/index.php?rest_route=\/wp\/v2\/pages\/27\/revisions\/499"}],"up":[{"embeddable":true,"href":"https:\/\/www.derkapi.de\/index.php?rest_route=\/wp\/v2\/pages\/62"}],"wp:attachment":[{"href":"https:\/\/www.derkapi.de\/index.php?rest_route=%2Fwp%2Fv2%2Fmedia&parent=27"}],"curies":[{"name":"wp","href":"https:\/\/api.w.org\/{rel}","templated":true}]}}