{"id":288,"date":"2010-04-09T15:47:43","date_gmt":"2010-04-09T13:47:43","guid":{"rendered":"http:\/\/www.derkapi.de\/?page_id=288"},"modified":"2010-04-25T14:48:35","modified_gmt":"2010-04-25T12:48:35","slug":"ia_reaver-teil-3","status":"publish","type":"page","link":"https:\/\/www.derkapi.de\/?page_id=288","title":{"rendered":"IA_Reaver-Teil 3"},"content":{"rendered":"<p><a href=\"http:\/\/derkapi.de\/pics\/c8eaefb084d0_DD50\/tag9a.jpg\"><img loading=\"lazy\" decoding=\"async\" style=\"border-right-width: 0px; display: inline; border-top-width: 0px; border-bottom-width: 0px; border-left-width: 0px\" title=\"tag9a\" border=\"0\" alt=\"tag9a\" src=\"http:\/\/derkapi.de\/pics\/c8eaefb084d0_DD50\/tag9a_thumb.jpg\" width=\"554\" height=\"725\" \/><\/a>&#160;&#160; <\/p>\n<p>Das Bohren der L\u00f6cher ist ohne Waffen etwas einfacher, darum sollte man den Kopf in die gew\u00fcnschte Blickrichtung bringen und dann stiften (h\u00e4lt wie man sieht ohne Kleber).     <\/p>\n<p><a href=\"http:\/\/derkapi.de\/pics\/c8eaefb084d0_DD50\/tag9c.jpg\"><img loading=\"lazy\" decoding=\"async\" style=\"border-right-width: 0px; display: inline; border-top-width: 0px; border-bottom-width: 0px; border-left-width: 0px\" title=\"tag9c\" border=\"0\" alt=\"tag9c\" src=\"http:\/\/derkapi.de\/pics\/c8eaefb084d0_DD50\/tag9c_thumb.jpg\" width=\"554\" height=\"780\" \/><\/a>     <\/p>\n<p>Anschlie\u00dfend wurden die Waffenarme angebaut. Diese wurden von Oben gestiftet und mit reichlich Kleber angeklebt.     <\/p>\n<p><a href=\"http:\/\/derkapi.de\/pics\/c8eaefb084d0_DD50\/tag9d.jpg\"><img loading=\"lazy\" decoding=\"async\" style=\"border-right-width: 0px; display: inline; border-top-width: 0px; border-bottom-width: 0px; border-left-width: 0px\" title=\"tag9d\" border=\"0\" alt=\"tag9d\" src=\"http:\/\/derkapi.de\/pics\/c8eaefb084d0_DD50\/tag9d_thumb.jpg\" width=\"554\" height=\"426\" \/><\/a>     <\/p>\n<p>Am n\u00e4chsten Morgen bekamen beide Arme noch mal einen Stift von der hinteren Seite aus.<\/p>\n<p>&#160;<a href=\"http:\/\/derkapi.de\/pics\/c8eaefb084d0_DD50\/tag9b.jpg\"><img loading=\"lazy\" decoding=\"async\" style=\"border-right-width: 0px; display: inline; border-top-width: 0px; border-bottom-width: 0px; border-left-width: 0px\" title=\"tag9b\" border=\"0\" alt=\"tag9b\" src=\"http:\/\/derkapi.de\/pics\/c8eaefb084d0_DD50\/tag9b_thumb.jpg\" width=\"554\" height=\"780\" \/><\/a>     <\/p>\n<p>Tja, so sieht es dann komplett aus (Kopf, R\u00fcckenplatte und Raketenwerfer sind noch lose).&#160; <\/p>\n<p>&#160;<\/p>\n<h2>Weitere Teile:<\/h2>\n<ul>\n<li><a href=\"https:\/\/www.derkapi.de\/?page_id=261\">Vorwort<\/a> <\/li>\n<li><a href=\"https:\/\/www.derkapi.de\/?page_id=262\">Teil1<\/a> <\/li>\n<li><a href=\"https:\/\/www.derkapi.de\/?page_id=271\">Teil2<\/a> <\/li>\n<li><strong>Teil3<\/strong> <\/li>\n<li><a href=\"https:\/\/www.derkapi.de\/?page_id=293\">Teil4<\/a> <\/li>\n<\/ul>\n","protected":false},"excerpt":{"rendered":"<p>&#160;&#160; Das Bohren der L\u00f6cher ist ohne Waffen etwas einfacher, darum sollte man den Kopf in die gew\u00fcnschte Blickrichtung bringen und dann stiften (h\u00e4lt wie man sieht ohne Kleber). Anschlie\u00dfend wurden die Waffenarme angebaut. Diese wurden von Oben gestiftet und mit reichlich Kleber angeklebt. Am n\u00e4chsten Morgen bekamen beide Arme \u2026 <a class=\"continue-reading-link\" href=\"https:\/\/www.derkapi.de\/?page_id=288\">Mehr nach dem Klick <span class=\"meta-nav\">&rarr; <\/span><\/a><\/p>\n","protected":false},"author":2,"featured_media":0,"parent":261,"menu_order":3,"comment_status":"open","ping_status":"closed","template":"","meta":{"footnotes":""},"class_list":["post-288","page","type-page","status-publish","hentry"],"_links":{"self":[{"href":"https:\/\/www.derkapi.de\/index.php?rest_route=\/wp\/v2\/pages\/288","targetHints":{"allow":["GET"]}}],"collection":[{"href":"https:\/\/www.derkapi.de\/index.php?rest_route=\/wp\/v2\/pages"}],"about":[{"href":"https:\/\/www.derkapi.de\/index.php?rest_route=\/wp\/v2\/types\/page"}],"author":[{"embeddable":true,"href":"https:\/\/www.derkapi.de\/index.php?rest_route=\/wp\/v2\/users\/2"}],"replies":[{"embeddable":true,"href":"https:\/\/www.derkapi.de\/index.php?rest_route=%2Fwp%2Fv2%2Fcomments&post=288"}],"version-history":[{"count":1,"href":"https:\/\/www.derkapi.de\/index.php?rest_route=\/wp\/v2\/pages\/288\/revisions"}],"predecessor-version":[{"id":294,"href":"https:\/\/www.derkapi.de\/index.php?rest_route=\/wp\/v2\/pages\/288\/revisions\/294"}],"up":[{"embeddable":true,"href":"https:\/\/www.derkapi.de\/index.php?rest_route=\/wp\/v2\/pages\/261"}],"wp:attachment":[{"href":"https:\/\/www.derkapi.de\/index.php?rest_route=%2Fwp%2Fv2%2Fmedia&parent=288"}],"curies":[{"name":"wp","href":"https:\/\/api.w.org\/{rel}","templated":true}]}}