{"id":293,"date":"2010-04-25T14:48:11","date_gmt":"2010-04-25T12:48:11","guid":{"rendered":"http:\/\/www.derkapi.de\/?page_id=293"},"modified":"2015-11-01T16:44:04","modified_gmt":"2015-11-01T14:44:04","slug":"ia_reaver-teil-4","status":"publish","type":"page","link":"https:\/\/www.derkapi.de\/?page_id=293","title":{"rendered":"IA_Reaver-Teil 4"},"content":{"rendered":"<p>&#160;<\/p>\n<p><strong>15.04.10:<\/strong>     <br \/><a href=\"http:\/\/derkapi.de\/pics\/IA_ReaverTeil4_D00B\/tag10.jpg\"><img loading=\"lazy\" decoding=\"async\" style=\"border-right-width: 0px; display: inline; border-top-width: 0px; border-bottom-width: 0px; border-left-width: 0px\" title=\"tag10\" border=\"0\" alt=\"tag10\" src=\"http:\/\/derkapi.de\/pics\/IA_ReaverTeil4_D00B\/tag10_thumb.jpg\" width=\"554\" height=\"451\" \/><\/a>     <\/p>\n<p>Die Base besteht aus Holz, auf der der Titan gestellt wurde um die Umrisse der F\u00fc\u00dfe aufzuzeichnen.     <br \/>Der Aufgeworfene Sand wurde mit Holzspachtel aufgetragen und mit einigen Bitz gespickt. Nach dem Trocknen (min. 24 Stunden) wurde alles Grundiert und die Rasenfl\u00e4chen anschlie\u00dfend gr\u00fcn gepinselt. <\/p>\n<p>Die Gr\u00fcnfl\u00e4chen wurden mit Pat***-Spr\u00fchkleber eingespr\u00fcht und anschlie\u00dfend Rasenstreu aufgetragen. Am n\u00e4chsten Tag bekam der Rasen eine verd\u00fcnnte Schicht Tapetenkleister oben drauf und einige Stellen wurden nachbestreut. Die Erde wurde in verschieden Braunt\u00f6nen bemalt, ebenso die verrotteten Metalteile.    <\/p>\n<p><strong>20.04.10:<\/strong>     <br \/><a href=\"http:\/\/derkapi.de\/pics\/IA_ReaverTeil4_D00B\/tag13.jpg\"><img loading=\"lazy\" decoding=\"async\" style=\"border-right-width: 0px; display: inline; border-top-width: 0px; border-bottom-width: 0px; border-left-width: 0px\" title=\"tag13\" border=\"0\" alt=\"tag13\" src=\"http:\/\/derkapi.de\/pics\/IA_ReaverTeil4_D00B\/tag13_thumb.jpg\" width=\"554\" height=\"750\" \/><\/a>&#160; <\/p>\n<p>Titan und Base wurde mit einem Nagel pro Fu\u00df gestiftet und mit kompletten Tube \u2018Eulen\u2019-Kleber verbunden. Nach dem Trocken (min. 24 Stunden) wurde um die Zehen herum weiterer Holzspachtel aufgetragen und nach weiteren 24 Stunden in diversen Braunt\u00f6nen bemalt.<\/p>\n<p>&#160;<\/p>\n<p><strong>25.04.10:<\/strong>     <br \/><a href=\"http:\/\/derkapi.de\/pics\/IA_ReaverTeil4_D00B\/tag14b.jpg\"><img loading=\"lazy\" decoding=\"async\" style=\"border-right-width: 0px; display: inline; border-top-width: 0px; border-bottom-width: 0px; border-left-width: 0px\" title=\"tag14b\" border=\"0\" alt=\"tag14b\" src=\"http:\/\/derkapi.de\/pics\/IA_ReaverTeil4_D00B\/tag14b_thumb.jpg\" width=\"554\" height=\"684\" \/><\/a>     <\/p>\n<p>Hier und unten kann man die neuen Erdhaufen um die Zehen erkennen.&#160; <\/p>\n<p><a href=\"http:\/\/derkapi.de\/pics\/IA_ReaverTeil4_D00B\/tag14a.jpg\"><img loading=\"lazy\" decoding=\"async\" style=\"border-right-width: 0px; display: inline; border-top-width: 0px; border-bottom-width: 0px; border-left-width: 0px\" title=\"tag14a\" border=\"0\" alt=\"tag14a\" src=\"http:\/\/derkapi.de\/pics\/IA_ReaverTeil4_D00B\/tag14a_thumb.jpg\" width=\"554\" height=\"737\" \/><\/a>     <br \/>Heute bekam der Titan seine erste Schicht Lack.     <\/p>\n<p>Und hier das fehlende R\u00fcckenteil und war es dann auch. Vielleicht mache ich irgendwann noch was an der Base, aber f\u00fcr\u2019s Erste ist der Fertig.<\/p>\n<h4><a href=\"http:\/\/derkapi.de\/pics\/IA_ReaverTeil4_D00B\/tag16.jpg\"><img loading=\"lazy\" decoding=\"async\" style=\"border-right-width: 0px; display: inline; border-top-width: 0px; border-bottom-width: 0px; border-left-width: 0px\" title=\"tag16\" border=\"0\" alt=\"tag16\" src=\"http:\/\/derkapi.de\/pics\/IA_ReaverTeil4_D00B\/tag16_thumb.jpg\" width=\"554\" height=\"737\" \/><\/a> <\/h4>\n<p>&#160; <\/p>\n<h2>Weitere Teile:<\/h2>\n<ul>\n<li><a href=\"https:\/\/www.derkapi.de\/?page_id=261\">Vorwort<\/a> <\/li>\n<li><a href=\"https:\/\/www.derkapi.de\/?page_id=262\">Teil1<\/a> <\/li>\n<li><a href=\"https:\/\/www.derkapi.de\/?page_id=271\">Teil2<\/a> <\/li>\n<li><a href=\"https:\/\/www.derkapi.de\/?page_id=288\">Teil3<\/a> <\/li>\n<li><strong>Teil4<\/strong> <\/li>\n<\/ul>\n","protected":false},"excerpt":{"rendered":"<p>&#160; 15.04.10: Die Base besteht aus Holz, auf der der Titan gestellt wurde um die Umrisse der F\u00fc\u00dfe aufzuzeichnen. Der Aufgeworfene Sand wurde mit Holzspachtel aufgetragen und mit einigen Bitz gespickt. Nach dem Trocknen (min. 24 Stunden) wurde alles Grundiert und die Rasenfl\u00e4chen anschlie\u00dfend gr\u00fcn gepinselt. Die Gr\u00fcnfl\u00e4chen wurden mit \u2026 <a class=\"continue-reading-link\" href=\"https:\/\/www.derkapi.de\/?page_id=293\">Mehr nach dem Klick <span class=\"meta-nav\">&rarr; <\/span><\/a><\/p>\n","protected":false},"author":2,"featured_media":0,"parent":261,"menu_order":4,"comment_status":"open","ping_status":"closed","template":"","meta":{"footnotes":""},"class_list":["post-293","page","type-page","status-publish","hentry"],"_links":{"self":[{"href":"https:\/\/www.derkapi.de\/index.php?rest_route=\/wp\/v2\/pages\/293","targetHints":{"allow":["GET"]}}],"collection":[{"href":"https:\/\/www.derkapi.de\/index.php?rest_route=\/wp\/v2\/pages"}],"about":[{"href":"https:\/\/www.derkapi.de\/index.php?rest_route=\/wp\/v2\/types\/page"}],"author":[{"embeddable":true,"href":"https:\/\/www.derkapi.de\/index.php?rest_route=\/wp\/v2\/users\/2"}],"replies":[{"embeddable":true,"href":"https:\/\/www.derkapi.de\/index.php?rest_route=%2Fwp%2Fv2%2Fcomments&post=293"}],"version-history":[{"count":4,"href":"https:\/\/www.derkapi.de\/index.php?rest_route=\/wp\/v2\/pages\/293\/revisions"}],"predecessor-version":[{"id":308,"href":"https:\/\/www.derkapi.de\/index.php?rest_route=\/wp\/v2\/pages\/293\/revisions\/308"}],"up":[{"embeddable":true,"href":"https:\/\/www.derkapi.de\/index.php?rest_route=\/wp\/v2\/pages\/261"}],"wp:attachment":[{"href":"https:\/\/www.derkapi.de\/index.php?rest_route=%2Fwp%2Fv2%2Fmedia&parent=293"}],"curies":[{"name":"wp","href":"https:\/\/api.w.org\/{rel}","templated":true}]}}