{"id":309,"date":"2010-07-26T18:19:45","date_gmt":"2010-07-26T16:19:45","guid":{"rendered":"http:\/\/www.derkapi.de\/?page_id=309"},"modified":"2015-11-01T16:47:10","modified_gmt":"2015-11-01T14:47:10","slug":"chaos-reaver-titan","status":"publish","type":"page","link":"https:\/\/www.derkapi.de\/?page_id=309","title":{"rendered":"Chaos- Reaver Titan"},"content":{"rendered":"<h4><\/h4>\n<p><strong>25.07.2010<\/strong><\/p>\n<h4>Katze aus dem Sack!<\/h4>\n<p>Der Chaos -Reaver folgte dem Imperialen eigentlich (ganz heimlich) kaum zwei Monate sp\u00e4ter. Leider fehlte ihm bei der Lieferung einer der Waffenl\u00e4ufe. Nach etwas hin und her mit Forgeworld (eine Nachlieferung ist wohl Warp verschollen), kam die komplette Waffe per UPS als Nachlieferung \u2013 das ist Service.<\/p>\n<p>Allerdings verstaute ich die Teile dann erst einmal wieder auf dem Schrank, da ich zu dem Zeitpunkt zum Malen keine besonders gro\u00dfe Lust hatte und noch etliche andere lose Enden rumlagen (siehe Apokalypse-Planung). Doch nachdem diese Teile nun endlich fertig sind, kann es langsam (wohl ab n\u00e4chster Woche) damit losgehen.<\/p>\n<p>Dieses Modell wird eine Meltakanone und eine Energiekralle tragen und in den gleichen Farben wie der Chaos-Warhound bemalt (dunkles Blau, helleres Gold). Au\u00dferdem schweben mir einige Greenstuff-Mutation (Sporne und Zacken) , sowie ein paar nette Freehands (D\u00e4monengesichter in der Panzerung \u2013 falls die gut aussehen) vor.<\/p>\n<p>Allerdings wollte ich mir dieses Mal mehr Zeit lassen. Effektiv wurde der letzte Titan ja in 21 Tagen bemalt, was zwar recht spannend war, aber irgendwie auch ein bissel stressig. Lange nicht so wie die Warhounds \u2013 die Reaver bauen sich einfach besser \u2013 aber ich muss das Ganze ja nicht unbedingt \u00fcberst\u00fctzten, gell.<\/p>\n<p>Da sich er imperiale Reaver im Schrank aber sooo gut macht, w\u00fcrde ich sein Gegenst\u00fcck nat\u00fcrlich gern daneben stellen. Und Resin im Wert von 560 Pfund m\u00fcssen auch nicht auf dem Schrank versauern, schon gar nicht bei so einem sch\u00f6nen Model.<\/p>\n<p>&nbsp;<\/p>\n<h2>Weitere Teile:<\/h2>\n<ul>\n<li><strong>Vorwort<\/strong><\/li>\n<li><a href=\"https:\/\/www.derkapi.de\/?page_id=317\">Teil1<\/a><\/li>\n<li><a href=\"https:\/\/www.derkapi.de\/?page_id=339\">Teil2<\/a><\/li>\n<li><a href=\"https:\/\/www.derkapi.de\/?p=1661\">Teil3<\/a><\/li>\n<li><a href=\"https:\/\/www.derkapi.de\/?p=1680\">Teil4<\/a><\/li>\n<li><a href=\"https:\/\/www.derkapi.de\/?p=1691\">Teil5<\/a><\/li>\n<\/ul>\n","protected":false},"excerpt":{"rendered":"<p>25.07.2010 Katze aus dem Sack! Der Chaos -Reaver folgte dem Imperialen eigentlich (ganz heimlich) kaum zwei Monate sp\u00e4ter. Leider fehlte ihm bei der Lieferung einer der Waffenl\u00e4ufe. Nach etwas hin und her mit Forgeworld (eine Nachlieferung ist wohl Warp verschollen), kam die komplette Waffe per UPS als Nachlieferung \u2013 das \u2026 <a class=\"continue-reading-link\" href=\"https:\/\/www.derkapi.de\/?page_id=309\">Mehr nach dem Klick <span class=\"meta-nav\">&rarr; <\/span><\/a><\/p>\n","protected":false},"author":2,"featured_media":0,"parent":63,"menu_order":5,"comment_status":"closed","ping_status":"closed","template":"","meta":{"footnotes":""},"class_list":["post-309","page","type-page","status-publish","hentry"],"_links":{"self":[{"href":"https:\/\/www.derkapi.de\/index.php?rest_route=\/wp\/v2\/pages\/309","targetHints":{"allow":["GET"]}}],"collection":[{"href":"https:\/\/www.derkapi.de\/index.php?rest_route=\/wp\/v2\/pages"}],"about":[{"href":"https:\/\/www.derkapi.de\/index.php?rest_route=\/wp\/v2\/types\/page"}],"author":[{"embeddable":true,"href":"https:\/\/www.derkapi.de\/index.php?rest_route=\/wp\/v2\/users\/2"}],"replies":[{"embeddable":true,"href":"https:\/\/www.derkapi.de\/index.php?rest_route=%2Fwp%2Fv2%2Fcomments&post=309"}],"version-history":[{"count":7,"href":"https:\/\/www.derkapi.de\/index.php?rest_route=\/wp\/v2\/pages\/309\/revisions"}],"predecessor-version":[{"id":1700,"href":"https:\/\/www.derkapi.de\/index.php?rest_route=\/wp\/v2\/pages\/309\/revisions\/1700"}],"up":[{"embeddable":true,"href":"https:\/\/www.derkapi.de\/index.php?rest_route=\/wp\/v2\/pages\/63"}],"wp:attachment":[{"href":"https:\/\/www.derkapi.de\/index.php?rest_route=%2Fwp%2Fv2%2Fmedia&parent=309"}],"curies":[{"name":"wp","href":"https:\/\/api.w.org\/{rel}","templated":true}]}}