{"id":339,"date":"2010-10-03T16:21:08","date_gmt":"2010-10-03T14:21:08","guid":{"rendered":"http:\/\/www.derkapi.de\/?page_id=339"},"modified":"2010-11-15T13:04:01","modified_gmt":"2010-11-15T11:04:01","slug":"chaos-reaver-teil-2","status":"publish","type":"page","link":"https:\/\/www.derkapi.de\/?page_id=339","title":{"rendered":"Chaos Reaver Teil 2"},"content":{"rendered":"<p><strong>03.10.2010<\/strong><\/p>\n<p><a href=\"http:\/\/derkapi.de\/pics\/ChaosReaverTeil2_E63D\/ca5.jpg\"><img loading=\"lazy\" decoding=\"async\" style=\"border-bottom: 0pt; border-left: 0pt; display: inline; border-top: 0pt; border-right: 0pt\" title=\"ca5\" border=\"0\" alt=\"ca5\" src=\"http:\/\/derkapi.de\/pics\/ChaosReaverTeil2_E63D\/ca5_thumb.jpg\" width=\"554\" height=\"737\" \/><\/a>    <br \/>Schultern, H\u00fcfte und Kopf sind gestiftet und die Schultern bereits geklebt.<\/p>\n<p><a href=\"http:\/\/derkapi.de\/pics\/ChaosReaverTeil2_E63D\/ca6.jpg\"><img loading=\"lazy\" decoding=\"async\" style=\"border-bottom: 0pt; border-left: 0pt; display: inline; border-top: 0pt; border-right: 0pt\" title=\"ca6\" border=\"0\" alt=\"ca6\" src=\"http:\/\/derkapi.de\/pics\/ChaosReaverTeil2_E63D\/ca6_thumb.jpg\" width=\"554\" height=\"737\" \/><\/a>    <br \/>Auf beiden Beinen habe ich mich mal mit Green Stuff versucht. W\u00e4hrend rechts (in Titanblickrichtung) eine <em>Fleischwunde<\/em> ist, aus denen Tentakeln kommen (noch nicht ganz fertig), soll das links zwei der ungl\u00fccklichen Seelen darstellen, die vom Titan get\u00f6tet wurden. Oder m\u00f6glicherweise auch der Princeps und ein Moderatii (der Titan war leider zu keinem Interview bereit). Bemaltechnisch wird sich das irgendwo noch wiederholen<\/p>\n<p>Die hellen Flecken sind \u00fcbrigends das Resin vom Bohren.<\/p>\n<p><a href=\"http:\/\/derkapi.de\/pics\/ChaosReaverTeil2_E63D\/ca7.jpg\"><img loading=\"lazy\" decoding=\"async\" style=\"border-bottom: 0pt; border-left: 0pt; display: inline; border-top: 0pt; border-right: 0pt\" title=\"ca7\" border=\"0\" alt=\"ca7\" src=\"http:\/\/derkapi.de\/pics\/ChaosReaverTeil2_E63D\/ca7_thumb.jpg\" width=\"554\" height=\"426\" \/><\/a>    <br \/>Ja langsam wird es was\u2026<\/p>\n<p>&#160;<\/p>\n<p><strong>10.11.2010     <br \/><\/strong>Auch wenn es in der Zwischenzeit etwas ruhiger war, gingen die Arbeiten durchaus ab und an weiter. (Eldar und Stromraven haben sich ja bekanntlich dazwischen gemogelt).<\/p>\n<p>Die folgenden beiden Bilder zeigen die Anf\u00e4nge der Modifizierung der Meltakanone.<\/p>\n<p><a href=\"http:\/\/derkapi.de\/pics\/ChaosReaverTeil2_E63D\/ca8.jpg\"><img decoding=\"async\" style=\"border-right-width: 0pt; display: inline; border-top-width: 0pt; border-bottom-width: 0pt; border-left-width: 0pt\" title=\"ca8\" border=\"0\" alt=\"ca8\" src=\"http:\/\/derkapi.de\/pics\/ChaosReaverTeil2_E63D\/ca8_thumb.jpg\" \/><\/a><\/p>\n<p>Es wurden ein paar Stacheln der Tryaniden-Bitzbox entnommen\u2026<\/p>\n<p><a href=\"http:\/\/derkapi.de\/pics\/ChaosReaverTeil2_E63D\/c9.jpg\"><img decoding=\"async\" style=\"border-right-width: 0pt; display: inline; border-top-width: 0pt; border-bottom-width: 0pt; border-left-width: 0pt\" title=\"c9\" border=\"0\" alt=\"c9\" src=\"http:\/\/derkapi.de\/pics\/ChaosReaverTeil2_E63D\/c9_thumb.jpg\" \/><\/a><\/p>\n<p>\u2026und mit viel Greenstuff vermischt<\/p>\n<p><a href=\"http:\/\/derkapi.de\/pics\/ChaosReaverTeil2_E63D\/ca11.jpg\"><img decoding=\"async\" style=\"border-right-width: 0pt; display: inline; border-top-width: 0pt; border-bottom-width: 0pt; border-left-width: 0pt\" title=\"ca11\" border=\"0\" alt=\"ca11\" src=\"http:\/\/derkapi.de\/pics\/ChaosReaverTeil2_E63D\/ca11_thumb.jpg\" \/><\/a><\/p>\n<p>Und so sieht die Kanone dann fertig aus.   <br \/><a href=\"http:\/\/derkapi.de\/pics\/ChaosReaverTeil2_E63D\/ca9.jpg\"><img decoding=\"async\" style=\"border-right-width: 0pt; display: inline; border-top-width: 0pt; border-bottom-width: 0pt; border-left-width: 0pt\" title=\"ca9\" border=\"0\" alt=\"ca9\" src=\"http:\/\/derkapi.de\/pics\/ChaosReaverTeil2_E63D\/ca9_thumb.jpg\" \/><\/a><\/p>\n<p>Die Beine sind jetzt weitgehend abgeschlossen und alle Teile angeklebt. Beine und Torso sind wie beim IA-Reaver sind trennbar. Der Kopf ist noch lose, damit er bemalt werden kann, gleiches gilt f\u00fcr den R\u00fccken und die Schultern.<\/p>\n<p>Wie man sieht bin ich vom \u201calles mit Gesichtern vollmalen\u201d abgekommen um habe mich auf einzelne Chaos-Symbole und Mutationen beschr\u00e4nkt. Der Titan hat eine starke Ausrichtung nach rechts bekommen, so w\u00fcrde er sein n\u00e4chstes Ziel suchen bzw. direkt herausfordern. Ich denke das passt gut zum <a href=\"http:\/\/derkapi.de\/pics\/Teil6_C894\/c47.jpg\">Chaos-Warhound, der ja auch lauernd<\/a> da steht.<\/p>\n<p><a href=\"http:\/\/derkapi.de\/pics\/ChaosReaverTeil2_E63D\/ca10.jpg\"><img decoding=\"async\" style=\"border-right-width: 0pt; display: inline; border-top-width: 0pt; border-bottom-width: 0pt; border-left-width: 0pt\" title=\"ca10\" border=\"0\" alt=\"ca10\" src=\"http:\/\/derkapi.de\/pics\/ChaosReaverTeil2_E63D\/ca10_thumb.jpg\" \/><\/a>    <br \/>Beim leeren Knieschoner hab ich mich ein bissel in <em>Freehands<\/em> versucht, keine Meisterklasse, aber doch ganz ansehlich. Die Mutationen am Bein sind noch nicht ganz fertig. \ud83d\ude09<\/p>\n<p>Gestern Abend habe ich noch die Hand (rechte Seite) zusammengeklebt. Diese wird in den n\u00e4chsten Tagen den Weg zum Torso finden. Dann fehlt nur noch der Raketenwerfer auf dem R\u00fccken, die Base und die Feinbemaltung.   <\/p>\n<p><strong>15.11.2010<\/strong><\/p>\n<p><a href=\"http:\/\/derkapi.de\/pics\/ChaosReaverTeil2_E63D\/ca14.jpg\"><img loading=\"lazy\" decoding=\"async\" style=\"border-bottom: 0px; border-left: 0px; display: inline; border-top: 0px; border-right: 0px\" title=\"ca14\" border=\"0\" alt=\"ca14\" src=\"http:\/\/derkapi.de\/pics\/ChaosReaverTeil2_E63D\/ca14_thumb.jpg\" width=\"554\" height=\"378\" \/><\/a>    <br \/>Die anzubringenden Teile n\u00e4hern sich dem Ende. Es fehlt noch die Raketen oben im Werfer und das war es dann mit kleben. Der rechte Arm und die bis dato noch fehlenden Kabel wurden am Wochenende angebracht. Und auch mit der Base habe ich begonnen.    <\/p>\n<p><em>Man beachte \u2026     <br \/><\/em>    <br \/><a href=\"http:\/\/derkapi.de\/pics\/ChaosReaverTeil2_E63D\/ca12.jpg\"><img loading=\"lazy\" decoding=\"async\" style=\"border-bottom: 0px; border-left: 0px; display: inline; border-top: 0px; border-right: 0px\" title=\"ca12\" border=\"0\" alt=\"ca12\" src=\"http:\/\/derkapi.de\/pics\/ChaosReaverTeil2_E63D\/ca12_thumb.jpg\" width=\"554\" height=\"804\" \/><\/a>&#160; <br \/><em>\u2026 den Stinkefinger<\/em> \ud83d\ude09 \u2026    <\/p>\n<p><a href=\"http:\/\/derkapi.de\/pics\/ChaosReaverTeil2_E63D\/ca13.jpg\"><img loading=\"lazy\" decoding=\"async\" style=\"border-bottom: 0px; border-left: 0px; display: inline; border-top: 0px; border-right: 0px\" title=\"ca13\" border=\"0\" alt=\"ca13\" src=\"http:\/\/derkapi.de\/pics\/ChaosReaverTeil2_E63D\/ca13_thumb.jpg\" width=\"554\" height=\"771\" \/><\/a>&#160; <br \/>..und von der Seite.    <\/p>\n<p>Nach dem ich gestern Abend noch die Raketen (die anders aufgebaut sind, als beim Imp-Reaver) mit hei\u00dfem Wasser wieder gerade gebogen habe, werden diese heute Abend bemalt und vielleicht schon verklebt (je nach Lust).    <\/p>\n<p>Tja, und dann geht es an die Base und die Feinbemalung. Mit dem Kopf und den H\u00f6rnern werde ich wohl noch etwas an Zeit ben\u00f6tigen. <\/p>\n<p><em>Zwischenzeitlich lasse ich mich aber bestimmt wieder ablenken. \ud83d\ude09 So ist meine erste Landungskapsel f\u00fcr sie Stormraven auch am Wochenende fast fertig geworden. Wie immer fehlt noch etwas Feinbemalung \u2013 aber das an anderer Stelle.<\/em>    <\/p>\n<h4>Continue\u2026   <\/p>\n<\/h4>\n<p>&#160;<\/p>\n<h2>Weitere Teile:<\/h2>\n<ul>\n<li><a href=\"https:\/\/www.derkapi.de\/?page_id=309\">Vorwort<\/a> <\/li>\n<li><a href=\"https:\/\/www.derkapi.de\/?page_id=317\">Teil1<\/a> <\/li>\n<li><strong>Teil2<\/strong> <\/li>\n<li>Teil3&#160; <\/li>\n<\/ul>\n","protected":false},"excerpt":{"rendered":"<p>03.10.2010 Schultern, H\u00fcfte und Kopf sind gestiftet und die Schultern bereits geklebt. Auf beiden Beinen habe ich mich mal mit Green Stuff versucht. W\u00e4hrend rechts (in Titanblickrichtung) eine Fleischwunde ist, aus denen Tentakeln kommen (noch nicht ganz fertig), soll das links zwei der ungl\u00fccklichen Seelen darstellen, die vom Titan get\u00f6tet \u2026 <a class=\"continue-reading-link\" href=\"https:\/\/www.derkapi.de\/?page_id=339\">Mehr nach dem Klick <span class=\"meta-nav\">&rarr; <\/span><\/a><\/p>\n","protected":false},"author":2,"featured_media":0,"parent":309,"menu_order":2,"comment_status":"open","ping_status":"closed","template":"","meta":{"footnotes":""},"class_list":["post-339","page","type-page","status-publish","hentry"],"_links":{"self":[{"href":"https:\/\/www.derkapi.de\/index.php?rest_route=\/wp\/v2\/pages\/339","targetHints":{"allow":["GET"]}}],"collection":[{"href":"https:\/\/www.derkapi.de\/index.php?rest_route=\/wp\/v2\/pages"}],"about":[{"href":"https:\/\/www.derkapi.de\/index.php?rest_route=\/wp\/v2\/types\/page"}],"author":[{"embeddable":true,"href":"https:\/\/www.derkapi.de\/index.php?rest_route=\/wp\/v2\/users\/2"}],"replies":[{"embeddable":true,"href":"https:\/\/www.derkapi.de\/index.php?rest_route=%2Fwp%2Fv2%2Fcomments&post=339"}],"version-history":[{"count":19,"href":"https:\/\/www.derkapi.de\/index.php?rest_route=\/wp\/v2\/pages\/339\/revisions"}],"predecessor-version":[{"id":402,"href":"https:\/\/www.derkapi.de\/index.php?rest_route=\/wp\/v2\/pages\/339\/revisions\/402"}],"up":[{"embeddable":true,"href":"https:\/\/www.derkapi.de\/index.php?rest_route=\/wp\/v2\/pages\/309"}],"wp:attachment":[{"href":"https:\/\/www.derkapi.de\/index.php?rest_route=%2Fwp%2Fv2%2Fmedia&parent=339"}],"curies":[{"name":"wp","href":"https:\/\/api.w.org\/{rel}","templated":true}]}}