{"id":6,"date":"2009-03-30T11:48:29","date_gmt":"2009-03-30T09:48:29","guid":{"rendered":"http:\/\/www.derkapi.de\/?page_id=6"},"modified":"2015-11-01T16:46:50","modified_gmt":"2015-11-01T14:46:50","slug":"imperialer-warhound-teil1","status":"publish","type":"page","link":"https:\/\/www.derkapi.de\/?page_id=6","title":{"rendered":"IA &#8211; Warhound"},"content":{"rendered":"<p>Einige Bilder sind leider nicht ganz scharf, man kann die Arbeitsschritte aber doch nachvollziehen.<\/p>\n<h2>Wichtig!!!!!!<\/h2>\n<p>Man ben\u00f6tigt die Anleitung, Farben &amp; Grundierung, Kneifzange, Metalls\u00e4ge, Feile (wenn n\u00f6tig), Skalpell oder Bastelmesser, Gelkleber und Fl\u00fcssigkleber und einen Fensterplatz, um dieses zu \u00f6ffnen!!!<br \/>\nKein Scherz, macht das bei offenem Fenster, da die D\u00e4mpfe gesundheitssch\u00e4digend sind! Beim S\u00e4gen solltest ihr, wenn n\u00f6tig einen Atemschutz tragen oder sehr viel Abstand halten.<br \/>\nBeim Kleber verwende ich <em>Pattex Blitz Kleber gel<\/em> und <em>Revell Contact Professional<\/em>. Von beiden solltet ihr gleich ein paar mehr Tuben\/Flaschen besorgen. Vom Gelkleber die 10g-Version. Verwendet den Revell-Kleber erst, wenn der Pattex-Kleber getrocknet ist!!!! Die D\u00e4mpfe sind hammerhart!!!!<br \/>\nAlso noch mal, nur bei ge\u00f6ffnetem Fenster arbeiten und in einem Raum, den ihr anschlie\u00dfend verschlie\u00dfen k\u00f6nnt, damit die Teile ausd\u00fcnsten und die D\u00e4mpfe nicht durch die ganze Wohnung ziehen. Alles was unter 15 Jahre ist, sollte von dem Raum fern gehalten werden.<br \/>\nDas soll es an Warnungen sein, lasst uns beginnen.<\/p>\n<table border=\"0\" cellspacing=\"0\" cellpadding=\"2\" width=\"615\">\n<tbody>\n<tr>\n<td width=\"307\" valign=\"top\"><a href=\"http:\/\/derkapi.de\/pics\/ImperialerWarhoundTeil1_AC27\/t1_klein.jpg\"><img loading=\"lazy\" decoding=\"async\" style=\"border: 0pt none;\" src=\"http:\/\/derkapi.de\/pics\/ImperialerWarhoundTeil1_AC27\/t1_klein_thumb.jpg\" border=\"0\" alt=\"t1_klein\" width=\"304\" height=\"231\" \/><\/a><br \/>\nGro\u00dfes <a href=\"https:\/\/www.derkapi.de\/wh40k\/titanen\/gfx\/t1_gross.jpg\" target=\"_blank\">Bild1<\/a> <a href=\"https:\/\/www.derkapi.de\/wh40k\/titanen\/gfx\/t2_gross.jpg\" target=\"_blank\">Bild2<\/a><\/td>\n<td width=\"307\" valign=\"top\">Wie in der mageren Anleitung von Forge World gezeigt, habe ich als Erstes mit den F\u00fc\u00dfen des Titans begonnen. Da die T\u00fcten viel Sp\u00e4ne enthalten, w\u00e4scht man die Teile am besten einmal mit lauwarmen Wasser ab und sammelt die Teile f\u00fcr den n\u00e4chsten Arbeitsschritt an einem Platz. Hier bietet sich einer der vielen GW-Kartons an.Der Fu\u00df besteht aus drei Zehen vorn und einer Zehe hinten. Die mittlere vordere Zehe ist l\u00e4nger als die beiden \u00e4u\u00dferen.<br \/>\nEine vordere Zehe besteht aus sieben Teilen.<br \/>\n<em>Front Toe Joint, Small Toe Pistons, Middle Toe Joint, Toe Piston Part1 &amp; 2 und Toe Tip (Side\/Front)<\/em><\/td>\n<\/tr>\n<tr>\n<td width=\"307\" valign=\"top\"><a href=\"http:\/\/derkapi.de\/pics\/ImperialerWarhoundTeil1_AC27\/t3.jpg\"><img loading=\"lazy\" decoding=\"async\" style=\"border: 0pt none;\" src=\"http:\/\/derkapi.de\/pics\/ImperialerWarhoundTeil1_AC27\/t3_thumb.jpg\" border=\"0\" alt=\"t3\" width=\"304\" height=\"257\" \/><\/a><\/td>\n<td width=\"307\" valign=\"top\">Das Einfachste ist, man steckt erst einmal alle Teile ohne die <em>Piston<\/em> zusammen. Dann kann man die L\u00e4nge der <em>Piston<\/em> bestimmen und diese mit einer Kneifzange oder Bastelmesser auf L\u00e4nge schneiden.Dieses macht man mit allen Zehen und bekommt am Ende schon mal ein Gef\u00fchl daf\u00fcr, wie gro\u00df das Ding sp\u00e4ter wird.<\/td>\n<\/tr>\n<tr>\n<td width=\"307\" valign=\"top\"><a href=\"http:\/\/derkapi.de\/pics\/ImperialerWarhoundTeil1_AC27\/t4.jpg\"><img loading=\"lazy\" decoding=\"async\" style=\"border: 0pt none;\" src=\"http:\/\/derkapi.de\/pics\/ImperialerWarhoundTeil1_AC27\/t4_thumb.jpg\" border=\"0\" alt=\"t4\" width=\"304\" height=\"198\" \/><\/a><\/td>\n<td width=\"307\" valign=\"top\"><em><strong>Tipp:<br \/>\n<\/strong><\/em>Da die Sohle (<em>Sole<\/em>) nicht aufliegen sollte, da sonst die Zehen nicht richtig sitzen, habe ich eine Unterlegscheibe darunter gelegt, bevor ich die <em>Piston<\/em> auf L\u00e4nge geschnitten habe (siehe Bild).<br \/>\nWeiterhin sollte man ein ebene Unterlage nutzen. Hier der gelbe Plastikkarton.<br \/>\nSitzt alles wie gew\u00fcnscht, grundiert man die F\u00fc\u00dfe. Am besten in einem kleinen GW-Karton, so kann nichts wegkommen. Vorher zerlegt man nat\u00fcrlich alles wieder.<\/td>\n<\/tr>\n<tr>\n<td width=\"307\" valign=\"top\"><a href=\"http:\/\/derkapi.de\/pics\/ImperialerWarhoundTeil1_AC27\/t5.jpg\"><img loading=\"lazy\" decoding=\"async\" style=\"border: 0pt none;\" src=\"http:\/\/derkapi.de\/pics\/ImperialerWarhoundTeil1_AC27\/t5_thumb.jpg\" border=\"0\" alt=\"t5\" width=\"304\" height=\"229\" \/><\/a><br \/>\n<a href=\"https:\/\/www.derkapi.de\/wh40k\/titanen\/gfx\/t5_gross.jpg\" target=\"_blank\">Gro\u00dfes Bild<\/a><\/td>\n<td width=\"307\" valign=\"top\">Da die Teile einige Zeit zum Trocknen ben\u00f6tigen, kann man sich schon mal mit dem zuk\u00fcnftigen Lieblingsthema besch\u00e4ftigen: S\u00e4gen.<br \/>\nAlle FW-Resin-Teile haben die bl\u00f6de Angewohnheit unn\u00fctze Gussstellen aufzuweisen. Warum Forge World das nicht hinbekommt, die vorher abzus\u00e4gen, ist bei dem Preis <span style=\"text-decoration: underline;\">echt unverst\u00e4ndlich<\/span>!Zum S\u00e4gen nutzt man z. B. eine Metalls\u00e4ge (wenn man nichts Elektrobetriebenes hat). In den S\u00e4gepausen, <em>die man 100% einlegen muss<\/em> ;-), kann man sich wieder um die grundierten Teile k\u00fcmmern.<\/p>\n<p>Wenn m\u00f6glich, sollte man alle gr\u00f6\u00dferen S\u00e4gearbeiten in einem Rutsch erledigen, da das Resin-S\u00e4gemehl doch eine ordentliche Schweinerei hinterl\u00e4sst, die man vor den n\u00e4chsten Arbeitsg\u00e4ngen beseitigen muss, damit das S\u00e4gemehl sich nicht wieder an die Teile h\u00e4ngt.<\/td>\n<\/tr>\n<\/tbody>\n<\/table>\n<p>Ist man mit dem S\u00e4gen erst einmal durch (oder hat einfach keine Lust mehr), sollten die Teile noch einmal abgesp\u00fclt werden.<\/p>\n<h3>Bemalen der F\u00fc\u00dfe.<\/h3>\n<p>Nach dem die Grundierung getrocknet ist, je nach Temperatur sollte man ihr ein paar Stunden geben, kann es an das Bemalen gehen. Es reicht hier erst einmal eine Grobbemalung, weil durch die kommenden Bastelarbeiten eh wieder Farbe abgeht.<\/p>\n<table border=\"0\" cellspacing=\"0\" cellpadding=\"2\" width=\"615\">\n<tbody>\n<tr>\n<td width=\"307\" valign=\"top\"><a href=\"http:\/\/derkapi.de\/pics\/ImperialerWarhoundTeil1_AC27\/t6_klein.jpg\"><img loading=\"lazy\" decoding=\"async\" style=\"border: 0pt none;\" src=\"http:\/\/derkapi.de\/pics\/ImperialerWarhoundTeil1_AC27\/t6_klein_thumb.jpg\" border=\"0\" alt=\"t6_klein\" width=\"304\" height=\"229\" \/><\/a><br \/>\n<a href=\"https:\/\/www.derkapi.de\/wh40k\/titanen\/gfx\/t6_gross.jpg\" target=\"_blank\">Gro\u00dfes Bild<\/a><\/td>\n<td width=\"307\" valign=\"top\">Da die Farbe einige Zeit trocknen sollte, kann man in der Zeit alle Teile f\u00fcr den weitern Arbeitsschritt bemalen. In unserem Fall die <em>Ankle Piston<\/em> und der <em>Lower Leg <\/em>f\u00fcr beide F\u00fc\u00dfe.<\/td>\n<\/tr>\n<tr>\n<td width=\"307\" valign=\"top\"><a href=\"http:\/\/derkapi.de\/pics\/ImperialerWarhoundTeil1_AC27\/t7.jpg\"><img loading=\"lazy\" decoding=\"async\" style=\"border: 0pt none;\" src=\"http:\/\/derkapi.de\/pics\/ImperialerWarhoundTeil1_AC27\/t7_thumb.jpg\" border=\"0\" alt=\"t7\" width=\"304\" height=\"231\" \/><\/a><\/td>\n<td width=\"307\" valign=\"top\">Sind die Teile trocken, kann es endlich ans Zusammenkleben gehen. Dazu sollte man wieder die ebene Unterlage und die Unterlegscheibe in Position bringen. Als Erstes habe ich <em>Sole<\/em> und <em>Front Toe<\/em> und <em>Rear Toe<\/em> verbunden. Der Kleber sollte hier wenigstens angeh\u00e4rtet sein, bevor man weitermacht!<br \/>\nDamit die Glieder gerade sind, sollte man sich die Sohle am besten von unten anschauen, so kann man die <em>Front\/Rear Toe<\/em> besser ausrichten. Anschlie\u00dfend steck man alles ohne die <em>Pistons<\/em> zusammen um die richtige Position aller Teile zu haben (Unterlegscheibe nicht vergessen) und klebt die <em>Small Toe Pistons<\/em> an.<\/td>\n<\/tr>\n<\/tbody>\n<\/table>\n<p>Bevor es hier weitergeht, wiederholt man den Vorgang mit dem anderen Fu\u00df, um dem Kleber Zeit zum Trocken zu geben. Anschlie\u00dfend klebt man <em>Front Toe Joint\/Small Toe Pistons und Middle Toe Joint <\/em>zusammen. Danach kommt der<em> Toe Tip <\/em>dran. Zu guter Letzt folgt <em>Toe Piston Part &amp; 2.<br \/>\n<\/em><strong>Ende Teil1<\/strong><\/p>\n<p><strong><\/strong><\/p>\n<p><strong><\/strong><\/p>\n<h2>Weitere Teile:<\/h2>\n<ul>\n<li><a href=\"https:\/\/www.derkapi.de\/?page_id=61\">Vorwort<\/a><\/li>\n<li>Teil1<\/li>\n<li><a href=\"https:\/\/www.derkapi.de\/?page_id=9\">Teil2<\/a><\/li>\n<li><a href=\"https:\/\/www.derkapi.de\/?page_id=8\">Teil3<\/a><\/li>\n<li><a href=\"https:\/\/www.derkapi.de\/?page_id=10\">Teil4<\/a><\/li>\n<li><a href=\"https:\/\/www.derkapi.de\/?page_id=11\">Teil5<\/a><\/li>\n<li><a href=\"https:\/\/www.derkapi.de\/?page_id=12\">Teil6<\/a><\/li>\n<\/ul>\n","protected":false},"excerpt":{"rendered":"<p>Einige Bilder sind leider nicht ganz scharf, man kann die Arbeitsschritte aber doch nachvollziehen. Wichtig!!!!!! Man ben\u00f6tigt die Anleitung, Farben &amp; Grundierung, Kneifzange, Metalls\u00e4ge, Feile (wenn n\u00f6tig), Skalpell oder Bastelmesser, Gelkleber und Fl\u00fcssigkleber und einen Fensterplatz, um dieses zu \u00f6ffnen!!! Kein Scherz, macht das bei offenem Fenster, da die D\u00e4mpfe \u2026 <a class=\"continue-reading-link\" href=\"https:\/\/www.derkapi.de\/?page_id=6\">Mehr nach dem Klick <span class=\"meta-nav\">&rarr; <\/span><\/a><\/p>\n","protected":false},"author":2,"featured_media":0,"parent":63,"menu_order":3,"comment_status":"open","ping_status":"closed","template":"","meta":{"footnotes":""},"class_list":["post-6","page","type-page","status-publish","hentry"],"_links":{"self":[{"href":"https:\/\/www.derkapi.de\/index.php?rest_route=\/wp\/v2\/pages\/6","targetHints":{"allow":["GET"]}}],"collection":[{"href":"https:\/\/www.derkapi.de\/index.php?rest_route=\/wp\/v2\/pages"}],"about":[{"href":"https:\/\/www.derkapi.de\/index.php?rest_route=\/wp\/v2\/types\/page"}],"author":[{"embeddable":true,"href":"https:\/\/www.derkapi.de\/index.php?rest_route=\/wp\/v2\/users\/2"}],"replies":[{"embeddable":true,"href":"https:\/\/www.derkapi.de\/index.php?rest_route=%2Fwp%2Fv2%2Fcomments&post=6"}],"version-history":[{"count":13,"href":"https:\/\/www.derkapi.de\/index.php?rest_route=\/wp\/v2\/pages\/6\/revisions"}],"predecessor-version":[{"id":1904,"href":"https:\/\/www.derkapi.de\/index.php?rest_route=\/wp\/v2\/pages\/6\/revisions\/1904"}],"up":[{"embeddable":true,"href":"https:\/\/www.derkapi.de\/index.php?rest_route=\/wp\/v2\/pages\/63"}],"wp:attachment":[{"href":"https:\/\/www.derkapi.de\/index.php?rest_route=%2Fwp%2Fv2%2Fmedia&parent=6"}],"curies":[{"name":"wp","href":"https:\/\/api.w.org\/{rel}","templated":true}]}}