{"id":9,"date":"2009-03-30T11:52:20","date_gmt":"2009-03-30T09:52:20","guid":{"rendered":"http:\/\/www.derkapi.de\/?page_id=9"},"modified":"2015-11-01T16:42:39","modified_gmt":"2015-11-01T14:42:39","slug":"imperialer-warhound-teil-2-2","status":"publish","type":"page","link":"https:\/\/www.derkapi.de\/?page_id=9","title":{"rendered":"IA &#8211; Teil2"},"content":{"rendered":"<table border=\"0\" width=\"615\" cellspacing=\"0\" cellpadding=\"2\">\n<tbody>\n<tr>\n<td valign=\"top\" width=\"307\"><strong><a href=\"http:\/\/derkapi.de\/pics\/ImperialerWarhoundTeil2_ACEB\/t8.jpg\"><img loading=\"lazy\" decoding=\"async\" style=\"border: 0pt none;\" src=\"http:\/\/derkapi.de\/pics\/ImperialerWarhoundTeil2_ACEB\/t8_thumb.jpg\" alt=\"t8\" width=\"304\" height=\"230\" border=\"0\" \/><\/a><\/strong><\/td>\n<td valign=\"top\" width=\"307\">Wann immer Teile nach dem Kleben trocknen m\u00fcssen, kann man sich in der Zeit mal wieder daran machen, andere Teile zu bemalen, es gibt genug davon!<\/td>\n<\/tr>\n<\/tbody>\n<\/table>\n<p><strong><br \/>\nDie Beine<\/strong><br \/>\nZu diesem Zeitpunkt, sollte man schon eine genaue Vorstellung davon haben, wie der Titan sp\u00e4ter stehen soll, da schon im n\u00e4chsten Schritt darauf R\u00fccksicht genommen wird.<\/p>\n<p>Mein imperialer Warhound sollte den rechten Fu\u00df vorn und den linken hinten und leicht nach au\u00dfen gedreht haben.<\/p>\n<p>Da der rechte Fu\u00df vorn war, musste das Schienbein also nach hinten geneigt sein, um den Fu\u00df gerade aufzusetzen. Als Vorlage nahm ich hier einfach die Anleitung <em>Sheet2<\/em>. Dort kann man die Neidung des <em>Lower Leg<\/em> gut erkennen. Das Schienbein des linken Beins muss gerade oder nur ganz leicht nach hinten geneigt sein. Anders als beim Menschen, bei dem das Schienenbein des hinteren Beins nach vorn geneigt w\u00e4re.<\/p>\n<p>Dieses kommt von der vogel\u00e4hnlichen Form der Beine. In <em>Sheet 6<\/em> kann man das halbwegs gut erkennen.<\/p>\n<table border=\"0\" width=\"615\" cellspacing=\"0\" cellpadding=\"2\">\n<tbody>\n<tr>\n<td valign=\"top\" width=\"307\"><a href=\"http:\/\/derkapi.de\/pics\/ImperialerWarhoundTeil2_ACEB\/t9.jpg\"><img loading=\"lazy\" decoding=\"async\" style=\"border: 0pt none;\" src=\"http:\/\/derkapi.de\/pics\/ImperialerWarhoundTeil2_ACEB\/t9_thumb.jpg\" alt=\"t9\" width=\"304\" height=\"194\" border=\"0\" \/><\/a><\/td>\n<td valign=\"top\" width=\"307\">Um das <em>Lower Leg <\/em>in die richtige Position zu bringen, schnitt ich einen der vorderen <em>Ankle Piston<\/em> auf die richtige L\u00e4nge, indem ich das Schienbein in den Fu\u00df steckte, den <em>Pistion<\/em> Teil 1 und 2 jeweils an das jeweilige Kugelgelenk steckte und anschlie\u00dfend alles in Position brachte.Die \u00fcbersch\u00fcssigen L\u00e4ngen kniff ich ab und klebte den den <em>Piston<\/em> zusammen. Gleiches f\u00fcr den anderen Fu\u00df. Dann schmierte ich den Kleber in die Gelenkkuhle des Fu\u00dfes, klippte den <em>Piston<\/em> unten an, brachte das <em>Lower Leg <\/em>in Position und klippte den <em>Piston<\/em> oben an. Jetzt hielt das Ganze schon von allein und ich konnte noch mal die richtige Position des Schienbeins pr\u00fcfen.<\/td>\n<\/tr>\n<\/tbody>\n<\/table>\n<p>Wichtig ist, dass man das als <em>Amout mount<\/em> bezeichnete Teil mit dem gro\u00dfen Zeh fluchtet und dass das Bein von vorn gesehen nicht zur Seite kippt. Das wiederholt man mit dem anderen Bein und l\u00e4sst alles erst einmal antrocknen, es gibt ja noch genug anderes zu bemalen.<\/p>\n<p>Dann wird mit den \u00fcbrigen <em>Pistons<\/em> genauso wie mit dem ersten verfahren. Also anpassen, auf L\u00e4nge schneiden, zusammenkleben und dann ankleben. Egal wie vorsichtig man hierbei ist, es wird immer Farbe abbl\u00e4ttern, aber wir haben ja erst <em>Grobbemalt<\/em> &#8211; oder? <a href=\"https:\/\/www.derkapi.de\/wh40k\/titanen\/gfx\/t9_gross.JPG\" target=\"_blank\">Bild1<\/a><\/p>\n<table border=\"0\" width=\"615\" cellspacing=\"0\" cellpadding=\"2\">\n<tbody>\n<tr>\n<td valign=\"top\" width=\"307\"><a href=\"http:\/\/derkapi.de\/pics\/ImperialerWarhoundTeil2_ACEB\/t10.jpg\"><img loading=\"lazy\" decoding=\"async\" style=\"border: 0pt none;\" src=\"http:\/\/derkapi.de\/pics\/ImperialerWarhoundTeil2_ACEB\/t10_thumb.jpg\" alt=\"t10\" width=\"304\" height=\"253\" border=\"0\" \/><\/a><br \/>\n<a href=\"https:\/\/www.derkapi.de\/wh40k\/titanen\/gfx\/t10_gross.jpg\" target=\"_blank\">Bild2<\/a> <a href=\"https:\/\/www.derkapi.de\/wh40k\/titanen\/gfx\/t11.jpg\" target=\"_blank\">Bild3<\/a><\/td>\n<td valign=\"top\" width=\"307\">In diesem Schritt wird das <em>Lower Thight<\/em> angebracht. Viele Tipps hab ich hierzu nicht, au\u00dfer, je eingeknickter man die Beine hier macht, umso tiefer steht der Titan sp\u00e4ter, was ihm eine bedrohlichere oder lauernde Haltung gibt.Ich habe mich bei meinem an den FW-Titan orientiert, der durch seine aufrechte Haltung etwas erhabener wirkt. Okay, eine 14 Meter hohe und 412 Tonnen schwere Kriegsmaschine ist eigentlich immer erhaben, es sei denn, man sitzt in einer noch gr\u00f6\u00dferen\u00a0 \ud83d\ude09<\/td>\n<\/tr>\n<tr>\n<td valign=\"top\" width=\"307\"><a href=\"http:\/\/derkapi.de\/pics\/ImperialerWarhoundTeil2_ACEB\/t13.jpg\"><img loading=\"lazy\" decoding=\"async\" style=\"border: 0pt none;\" src=\"http:\/\/derkapi.de\/pics\/ImperialerWarhoundTeil2_ACEB\/t13_thumb.jpg\" alt=\"t13\" width=\"304\" height=\"270\" border=\"0\" \/><\/a><\/td>\n<td valign=\"top\" width=\"307\"><a href=\"http:\/\/derkapi.de\/pics\/ImperialerWarhoundTeil2_ACEB\/t12.jpg\"><img loading=\"lazy\" decoding=\"async\" style=\"margin: 0px 20px 0px 0px; border: 0pt none;\" src=\"http:\/\/derkapi.de\/pics\/ImperialerWarhoundTeil2_ACEB\/t12_thumb.jpg\" alt=\"t12\" width=\"119\" height=\"36\" align=\"left\" border=\"0\" \/><\/a>Um den Beinen Zeit zum Trocknen zu geben, nahm ich mir die H\u00fcfte vor. Hier begann ich wie bei den F\u00fc\u00dfen und brachte einen <em>Hip Joint<\/em> in die richtige Position um den vorderen <em>Piston<\/em> auf L\u00e4nge zu bringen. Anschlie\u00dfend klebte ich den<em> Hip Joint <\/em>an.<strong>Tipp:<\/strong> Hier sollte man den Kleber nicht zu weit au\u00dfen anbringen, da die Kugel des Gelenks diesen eh nach au\u00dfen dr\u00fcckt.<strong>Tipp:<\/strong> Hier muss man darauf achten, das die Kugelgelenke an der richtigen Stelle sind, was durch den vorderen <em>Piston<\/em> schon fast von selbst geschieht. Durch das Anklippen des <em>Pistons<\/em> h\u00e4lt der <em>Hip Joint<\/em> von allein.<br \/>\n<a href=\"https:\/\/www.derkapi.de\/wh40k\/titanen\/gfx\/t13_gross.jpg\">Bild4<\/a><\/td>\n<\/tr>\n<tr>\n<td valign=\"top\" width=\"307\"><a href=\"http:\/\/derkapi.de\/pics\/ImperialerWarhoundTeil2_ACEB\/t14.jpg\"><img loading=\"lazy\" decoding=\"async\" style=\"border: 0pt none;\" src=\"http:\/\/derkapi.de\/pics\/ImperialerWarhoundTeil2_ACEB\/t14_thumb.jpg\" alt=\"t14\" width=\"304\" height=\"241\" border=\"0\" \/><\/a><\/td>\n<td valign=\"top\" width=\"307\">Anschlie\u00dfend verf\u00e4hrt man auch bei dem anderen Gelenk entsprechend und klebt zum Schluss die \u00fcbrigen <em>Pistons<\/em> an. Da mein Titan ein Bein eingedreht haben sollte, klebte ich das linke Gelenk nach hinten versetzt an. F\u00e4lschlicherweise nahm ich hier an, dass dann das andere gerade anzubringen ist &#8211; Falsch!<br \/>\nSoll das wirklich auffallen, sollte man auch das andere nach hinten versetzen.<br \/>\nTja, dumm gelaufen. Sieht aber dennoch gut aus.<\/td>\n<\/tr>\n<tr>\n<td valign=\"top\" width=\"307\"><a href=\"http:\/\/derkapi.de\/pics\/ImperialerWarhoundTeil2_ACEB\/t15.jpg\"><img loading=\"lazy\" decoding=\"async\" style=\"border: 0pt none;\" src=\"http:\/\/derkapi.de\/pics\/ImperialerWarhoundTeil2_ACEB\/t15_thumb.jpg\" alt=\"t15\" width=\"304\" height=\"321\" border=\"0\" \/><\/a><a href=\"http:\/\/derkapi.de\/pics\/ImperialerWarhoundTeil2_ACEB\/t16.jpg\"><img loading=\"lazy\" decoding=\"async\" style=\"border: 0pt none;\" src=\"http:\/\/derkapi.de\/pics\/ImperialerWarhoundTeil2_ACEB\/t16_thumb.jpg\" alt=\"t16\" width=\"304\" height=\"290\" border=\"0\" \/><\/a><\/td>\n<td valign=\"top\" width=\"307\">Jetzt wurde es etwas kniffliger, da nun beide Beine zum Schluss die gleiche H\u00f6he haben mussten (falls man nicht den Fu\u00df auf irgendetwas abstellen wollte). Damit die Beine in Position halten, gibt es im Gelenk so eine kleine Halteschiene (Bild oben, rot umrandet) die in die Zahnr\u00e4der des <em>Lower Thigh<\/em> greift.<br \/>\nIch habe das <em>Upper Thigh<\/em> in die richtige Position gebracht und den <em>Rear Thigh Piston<\/em> auf L\u00e4nge geschnitten um alles anschlie\u00dfend zu verkleben.<strong>Tipp: <\/strong>Der Kleber sollte im Gelenk des <em>Upper Thigh<\/em> angebracht werden, da, wenn er auf dem <em>Lower<\/em> angebracht w\u00fcrde, beim Anpassen nach au\u00dfen geschoben w\u00fcrde.<br \/>\nDas zweite Bein passte ich anschlie\u00dfend an das andere an und schnitt wieder den <em>Piston<\/em> entsprechend zurecht.<br \/>\n<strong><br \/>\nTipp: <\/strong>Sollten am Ende die beiden Beine dennoch nicht die gleiche H\u00f6he haben, kann man dieses ausgleichen, indem man die Base sp\u00e4ter entsprechend gestaltet. Wenn man sich nicht v\u00f6llig unbegabt angestellt hat, handelt es sich eh nur um Millimeter.<\/td>\n<\/tr>\n<tr>\n<td valign=\"top\" width=\"307\"><a href=\"http:\/\/derkapi.de\/pics\/ImperialerWarhoundTeil2_ACEB\/t17.jpg\"><img loading=\"lazy\" decoding=\"async\" style=\"border: 0pt none;\" src=\"http:\/\/derkapi.de\/pics\/ImperialerWarhoundTeil2_ACEB\/t17_thumb.jpg\" alt=\"t17\" width=\"304\" height=\"324\" border=\"0\" \/><\/a><\/td>\n<td valign=\"top\" width=\"307\">Um zu \u00fcberpr\u00fcfen, ob alles passt, steckt man Beine und H\u00fcfte zusammen. Das h\u00e4lt schon, ohne es zu kleben. Jetzt sollte man dem Titan ein paar Stunden Zeit geben, damit der Kleber durchh\u00e4rten kann. Anschlie\u00dfend kann man mit dem erw\u00e4hnten Fl\u00fcssigkleber die Gelenke bearbeiten. Sprich, man l\u00e4sst ihn in die feinen Ritzen laufen und er kriecht durch die Kapillarwirkung an die Stellen, wo der Sekundenkleber L\u00fccken gelassen hat.Zum Abschluss von Teil 2 noch zwei Bilder, die die Gr\u00f6\u00dfe des Titans zeigen:<br \/>\n<a href=\"https:\/\/www.derkapi.de\/wh40k\/titanen\/gfx\/t19.jpg\" target=\"_blank\">Bild1<\/a> <a href=\"https:\/\/www.derkapi.de\/wh40k\/titanen\/gfx\/t18.jpg\" target=\"_blank\">Bild2<\/a><\/td>\n<\/tr>\n<\/tbody>\n<\/table>\n<p><strong>Ende Teil2<\/strong><\/p>\n<h2>Weitere Teile:<\/h2>\n<ul>\n<li><a href=\"https:\/\/www.derkapi.de\/?page_id=61\">Vorwort<\/a><\/li>\n<li><a href=\"https:\/\/www.derkapi.de\/?page_id=6\">Teil1<\/a><\/li>\n<li>Teil2<\/li>\n<li><a href=\"https:\/\/www.derkapi.de\/?page_id=8\">Teil3<\/a><\/li>\n<li><a href=\"https:\/\/www.derkapi.de\/?page_id=10\">Teil4<\/a><\/li>\n<li><a href=\"https:\/\/www.derkapi.de\/?page_id=11\">Teil5<\/a><\/li>\n<li><a href=\"https:\/\/www.derkapi.de\/?page_id=12\">Teil6<\/a><\/li>\n<\/ul>\n","protected":false},"excerpt":{"rendered":"<p>Wann immer Teile nach dem Kleben trocknen m\u00fcssen, kann man sich in der Zeit mal wieder daran machen, andere Teile zu bemalen, es gibt genug davon! Die Beine Zu diesem Zeitpunkt, sollte man schon eine genaue Vorstellung davon haben, wie der Titan sp\u00e4ter stehen soll, da schon im n\u00e4chsten Schritt \u2026 <a class=\"continue-reading-link\" href=\"https:\/\/www.derkapi.de\/?page_id=9\">Mehr nach dem Klick <span class=\"meta-nav\">&rarr; <\/span><\/a><\/p>\n","protected":false},"author":2,"featured_media":0,"parent":6,"menu_order":2,"comment_status":"closed","ping_status":"closed","template":"","meta":{"footnotes":""},"class_list":["post-9","page","type-page","status-publish","hentry"],"_links":{"self":[{"href":"https:\/\/www.derkapi.de\/index.php?rest_route=\/wp\/v2\/pages\/9","targetHints":{"allow":["GET"]}}],"collection":[{"href":"https:\/\/www.derkapi.de\/index.php?rest_route=\/wp\/v2\/pages"}],"about":[{"href":"https:\/\/www.derkapi.de\/index.php?rest_route=\/wp\/v2\/types\/page"}],"author":[{"embeddable":true,"href":"https:\/\/www.derkapi.de\/index.php?rest_route=\/wp\/v2\/users\/2"}],"replies":[{"embeddable":true,"href":"https:\/\/www.derkapi.de\/index.php?rest_route=%2Fwp%2Fv2%2Fcomments&post=9"}],"version-history":[{"count":13,"href":"https:\/\/www.derkapi.de\/index.php?rest_route=\/wp\/v2\/pages\/9\/revisions"}],"predecessor-version":[{"id":1336,"href":"https:\/\/www.derkapi.de\/index.php?rest_route=\/wp\/v2\/pages\/9\/revisions\/1336"}],"up":[{"embeddable":true,"href":"https:\/\/www.derkapi.de\/index.php?rest_route=\/wp\/v2\/pages\/6"}],"wp:attachment":[{"href":"https:\/\/www.derkapi.de\/index.php?rest_route=%2Fwp%2Fv2%2Fmedia&parent=9"}],"curies":[{"name":"wp","href":"https:\/\/api.w.org\/{rel}","templated":true}]}}